{"id":6730,"date":"2025-11-24T21:38:24","date_gmt":"2025-11-24T20:38:24","guid":{"rendered":"https:\/\/printyourfun.eu\/?post_type=product&#038;p=6730"},"modified":"2025-11-24T22:24:31","modified_gmt":"2025-11-24T21:24:31","slug":"insert-tyrants-pudelko","status":"publish","type":"product","link":"https:\/\/printyourfun.eu\/en\/product\/insert-tyrants-pudelko\/","title":{"rendered":"Pude\u0142ko z insertem do gry Tyrants of Underdark Dodatek fanowski"},"content":{"rendered":"<p><span style=\"color: #c66a26; font-size: 110%; border-left: 10px solid #c66a26; padding-left: 15px;\"><strong>Pude\u0142ko z insertem do gry Tyrants of Underdark Dodatek fanowski<\/strong><\/span><\/p>\n<p data-start=\"223\" data-end=\"481\">\ud83d\udd39 <strong>Pude\u0142ko\u00a0<\/strong>O zwiekszonym rozmiarze dzi\u0119ki kt\u00f3remu mie\u015bci zar\u00f3wno wersj\u0119 podstawow\u0105 gry jak i fanowski dodatek.<\/p>\n<p data-start=\"223\" data-end=\"481\">\ud83d\udd39 <strong data-start=\"226\" data-end=\"247\">Pe\u0142na organizacja<\/strong><br data-start=\"247\" data-end=\"250\" \/>Insert zosta\u0142 zaprojektowany specjalnie do fanowskiej edycji gry <strong data-start=\"315\" data-end=\"350\">Tyrants of Underdark mieszcz\u0105cy tak\u017ce wszystkie elementy podstawowej wersji gry<\/strong>. Wykonany z solidnych p\u0142yt HDF, idealnie mie\u015bci si\u0119 w pude\u0142ku gry, zapewniaj\u0105c porz\u0105dek i szybki dost\u0119p do wszystkich element\u00f3w.<\/p>\n<p data-start=\"483\" data-end=\"511\">\ud83d\udd39 <strong data-start=\"486\" data-end=\"509\">Miejsce na wszystko<\/strong><\/p>\n<ul data-start=\"512\" data-end=\"787\">\n<li data-start=\"512\" data-end=\"563\">\n<p data-start=\"514\" data-end=\"563\">Przestrze\u0144 na <strong data-start=\"528\" data-end=\"560\">wszystkie karty w koszulkach<\/strong>,<\/p>\n<\/li>\n<li data-start=\"564\" data-end=\"646\">\n<p data-start=\"566\" data-end=\"646\">Mie\u015bci figurki jednostek naszej produkcji (dost\u0119pne w naszym sklepie)<\/p>\n<\/li>\n<\/ul>\n<p data-start=\"871\" data-end=\"1050\">\ud83d\udd39 <strong data-start=\"874\" data-end=\"896\">Samodzielny monta\u017c<\/strong><br data-start=\"896\" data-end=\"899\" \/>Insert przeznaczony jest do <strong data-start=\"927\" data-end=\"954\">samodzielnego sklejenia<\/strong>. Monta\u017c jest szybki i prosty, a efekt ko\u0144cowy pozwoli cieszy\u0107 si\u0119 idealnie zorganizowan\u0105 gr\u0105.<\/p>\n<p><img loading=\"lazy\" decoding=\"async\" class=\"aligncenter size-medium wp-image-6734\" src=\"https:\/\/printyourfun.eu\/wp-content\/uploads\/2025\/11\/Insert-zbiorczy2-1-748x400.jpg\" alt=\"\" width=\"748\" height=\"400\" srcset=\"https:\/\/printyourfun.eu\/wp-content\/uploads\/2025\/11\/Insert-zbiorczy2-1-748x400.jpg 748w, https:\/\/printyourfun.eu\/wp-content\/uploads\/2025\/11\/Insert-zbiorczy2-1-1400x749.jpg 1400w, https:\/\/printyourfun.eu\/wp-content\/uploads\/2025\/11\/Insert-zbiorczy2-1-768x411.jpg 768w, https:\/\/printyourfun.eu\/wp-content\/uploads\/2025\/11\/Insert-zbiorczy2-1-1536x822.jpg 1536w, https:\/\/printyourfun.eu\/wp-content\/uploads\/2025\/11\/Insert-zbiorczy2-1-2048x1096.jpg 2048w, https:\/\/printyourfun.eu\/wp-content\/uploads\/2025\/11\/Insert-zbiorczy2-1-18x10.jpg 18w, https:\/\/printyourfun.eu\/wp-content\/uploads\/2025\/11\/Insert-zbiorczy2-1-600x321.jpg 600w\" sizes=\"auto, (max-width: 748px) 100vw, 748px\" \/><\/p>\n<p>&nbsp;<\/p>\n<p>PRODUKT NIE ZAWIERA GRY PLANSZOWEJ I JEJ ELEMENT\u00d3W.<\/p>\n<p>&nbsp;<\/p>","protected":false},"excerpt":{"rendered":"<p>Pude\u0142ko z insertem do gry Tyrants of Underdark Dodatek fanowski \ud83d\udd39 Pude\u0142ko\u00a0O zwiekszonym rozmiarze dzi\u0119ki kt\u00f3remu mie\u015bci zar\u00f3wno wersj\u0119 podstawow\u0105 gry jak i fanowski dodatek. \ud83d\udd39 Pe\u0142na organizacjaInsert zosta\u0142 zaprojektowany specjalnie do fanowskiej edycji gry Tyrants of Underdark mieszcz\u0105cy tak\u017ce wszystkie elementy podstawowej wersji gry. Wykonany z solidnych p\u0142yt HDF, idealnie mie\u015bci si\u0119 w pude\u0142ku [&#8230;]","protected":false},"featured_media":6735,"comment_status":"open","ping_status":"closed","template":"","meta":{"_acf_changed":false},"product_brand":[],"product_cat":[354,70,77],"product_tag":[128,417,262,261],"class_list":{"0":"post-6730","1":"product","2":"type-product","3":"status-publish","4":"has-post-thumbnail","6":"product_cat-tyrants-of-the-underdark-dodatki-fanowskie","7":"product_cat-akcesoria-do-gier","8":"product_cat-inserty","9":"product_tag-insert","10":"product_tag-pudelko-tyrants","11":"product_tag-tyrants","12":"product_tag-tyrants-of-the-underdark","14":"first","15":"instock","16":"shipping-taxable","17":"purchasable","18":"product-type-variable"},"acf":[],"yoast_head":"<!-- This site is optimized with the Yoast SEO plugin v24.8.1 - https:\/\/yoast.com\/wordpress\/plugins\/seo\/ -->\n<title>Pude\u0142ko z insertem do gry Tyrants of Underdark Dodatek fanowski - PrintYourFun<\/title>\n<meta name=\"description\" content=\"Insert do Tyrants of Underdark wraz z Pude\u0142kiem. Mie\u015bci fanowski dodatek oraz podstawow\u0105 wersj\u0119 gry. Wykonany z HDF.\" \/>\n<meta name=\"robots\" content=\"index, follow, max-snippet:-1, max-image-preview:large, max-video-preview:-1\" \/>\n<link rel=\"canonical\" href=\"https:\/\/printyourfun.eu\/en\/product\/insert-tyrants-pudelko\/\" \/>\n<meta property=\"og:locale\" content=\"en_GB\" \/>\n<meta property=\"og:type\" content=\"article\" \/>\n<meta property=\"og:title\" content=\"Pude\u0142ko z insertem do gry Tyrants of Underdark Dodatek fanowski - PrintYourFun\" \/>\n<meta property=\"og:description\" content=\"Insert do Tyrants of Underdark wraz z Pude\u0142kiem. Mie\u015bci fanowski dodatek oraz podstawow\u0105 wersj\u0119 gry. Wykonany z HDF.\" \/>\n<meta property=\"og:url\" content=\"https:\/\/printyourfun.eu\/en\/product\/insert-tyrants-pudelko\/\" \/>\n<meta property=\"og:site_name\" content=\"PrintYourFun\" \/>\n<meta property=\"article:publisher\" content=\"https:\/\/www.facebook.com\/Printyourfun\/\" \/>\n<meta property=\"article:modified_time\" content=\"2025-11-24T21:24:31+00:00\" \/>\n<meta property=\"og:image\" content=\"https:\/\/printyourfun.eu\/wp-content\/uploads\/2025\/11\/ASC02682.jpg\" \/>\n\t<meta property=\"og:image:width\" content=\"2000\" \/>\n\t<meta property=\"og:image:height\" content=\"2000\" \/>\n\t<meta property=\"og:image:type\" content=\"image\/jpeg\" \/>\n<meta name=\"twitter:card\" content=\"summary_large_image\" \/>\n<meta name=\"twitter:label1\" content=\"Estimated reading time\" \/>\n\t<meta name=\"twitter:data1\" content=\"2 minutes\" \/>\n<script type=\"application\/ld+json\" class=\"yoast-schema-graph\">{\"@context\":\"https:\/\/schema.org\",\"@graph\":[{\"@type\":\"WebPage\",\"@id\":\"https:\/\/printyourfun.eu\/product\/insert-tyrants-pudelko\/\",\"url\":\"https:\/\/printyourfun.eu\/product\/insert-tyrants-pudelko\/\",\"name\":\"Pude\u0142ko z insertem do gry Tyrants of Underdark Dodatek fanowski - PrintYourFun\",\"isPartOf\":{\"@id\":\"https:\/\/printyourfun.eu\/#website\"},\"primaryImageOfPage\":{\"@id\":\"https:\/\/printyourfun.eu\/product\/insert-tyrants-pudelko\/#primaryimage\"},\"image\":{\"@id\":\"https:\/\/printyourfun.eu\/product\/insert-tyrants-pudelko\/#primaryimage\"},\"thumbnailUrl\":\"https:\/\/printyourfun.eu\/wp-content\/uploads\/2025\/11\/ASC02682.jpg\",\"datePublished\":\"2025-11-24T20:38:24+00:00\",\"dateModified\":\"2025-11-24T21:24:31+00:00\",\"description\":\"Insert do Tyrants of Underdark wraz z Pude\u0142kiem. Mie\u015bci fanowski dodatek oraz podstawow\u0105 wersj\u0119 gry. Wykonany z HDF.\",\"breadcrumb\":{\"@id\":\"https:\/\/printyourfun.eu\/product\/insert-tyrants-pudelko\/#breadcrumb\"},\"inLanguage\":\"en-GB\",\"potentialAction\":[{\"@type\":\"ReadAction\",\"target\":[\"https:\/\/printyourfun.eu\/product\/insert-tyrants-pudelko\/\"]}]},{\"@type\":\"ImageObject\",\"inLanguage\":\"en-GB\",\"@id\":\"https:\/\/printyourfun.eu\/product\/insert-tyrants-pudelko\/#primaryimage\",\"url\":\"https:\/\/printyourfun.eu\/wp-content\/uploads\/2025\/11\/ASC02682.jpg\",\"contentUrl\":\"https:\/\/printyourfun.eu\/wp-content\/uploads\/2025\/11\/ASC02682.jpg\",\"width\":2000,\"height\":2000},{\"@type\":\"BreadcrumbList\",\"@id\":\"https:\/\/printyourfun.eu\/product\/insert-tyrants-pudelko\/#breadcrumb\",\"itemListElement\":[{\"@type\":\"ListItem\",\"position\":1,\"name\":\"Home\",\"item\":\"https:\/\/printyourfun.eu\/\"},{\"@type\":\"ListItem\",\"position\":2,\"name\":\"Sklep\",\"item\":\"https:\/\/printyourfun.eu\/sklep\/\"},{\"@type\":\"ListItem\",\"position\":3,\"name\":\"Pude\u0142ko z insertem do gry Tyrants of Underdark Dodatek fanowski\"}]},{\"@type\":\"WebSite\",\"@id\":\"https:\/\/printyourfun.eu\/#website\",\"url\":\"https:\/\/printyourfun.eu\/\",\"name\":\"PrintYourFun\",\"description\":\"Wydruki 3D\",\"potentialAction\":[{\"@type\":\"SearchAction\",\"target\":{\"@type\":\"EntryPoint\",\"urlTemplate\":\"https:\/\/printyourfun.eu\/?s={search_term_string}\"},\"query-input\":{\"@type\":\"PropertyValueSpecification\",\"valueRequired\":true,\"valueName\":\"search_term_string\"}}],\"inLanguage\":\"en-GB\"}]}<\/script>\n<!-- \/ Yoast SEO plugin. -->","yoast_head_json":{"title":"Pude\u0142ko z insertem do gry Tyrants of Underdark Dodatek fanowski - PrintYourFun","description":"Insert do Tyrants of Underdark wraz z Pude\u0142kiem. Mie\u015bci fanowski dodatek oraz podstawow\u0105 wersj\u0119 gry. Wykonany z HDF.","robots":{"index":"index","follow":"follow","max-snippet":"max-snippet:-1","max-image-preview":"max-image-preview:large","max-video-preview":"max-video-preview:-1"},"canonical":"https:\/\/printyourfun.eu\/en\/product\/insert-tyrants-pudelko\/","og_locale":"en_GB","og_type":"article","og_title":"Pude\u0142ko z insertem do gry Tyrants of Underdark Dodatek fanowski - PrintYourFun","og_description":"Insert do Tyrants of Underdark wraz z Pude\u0142kiem. Mie\u015bci fanowski dodatek oraz podstawow\u0105 wersj\u0119 gry. Wykonany z HDF.","og_url":"https:\/\/printyourfun.eu\/en\/product\/insert-tyrants-pudelko\/","og_site_name":"PrintYourFun","article_publisher":"https:\/\/www.facebook.com\/Printyourfun\/","article_modified_time":"2025-11-24T21:24:31+00:00","og_image":[{"width":2000,"height":2000,"url":"https:\/\/printyourfun.eu\/wp-content\/uploads\/2025\/11\/ASC02682.jpg","type":"image\/jpeg"}],"twitter_card":"summary_large_image","twitter_misc":{"Estimated reading time":"2 minutes"},"schema":{"@context":"https:\/\/schema.org","@graph":[{"@type":"WebPage","@id":"https:\/\/printyourfun.eu\/product\/insert-tyrants-pudelko\/","url":"https:\/\/printyourfun.eu\/product\/insert-tyrants-pudelko\/","name":"Pude\u0142ko z insertem do gry Tyrants of Underdark Dodatek fanowski - PrintYourFun","isPartOf":{"@id":"https:\/\/printyourfun.eu\/#website"},"primaryImageOfPage":{"@id":"https:\/\/printyourfun.eu\/product\/insert-tyrants-pudelko\/#primaryimage"},"image":{"@id":"https:\/\/printyourfun.eu\/product\/insert-tyrants-pudelko\/#primaryimage"},"thumbnailUrl":"https:\/\/printyourfun.eu\/wp-content\/uploads\/2025\/11\/ASC02682.jpg","datePublished":"2025-11-24T20:38:24+00:00","dateModified":"2025-11-24T21:24:31+00:00","description":"Insert do Tyrants of Underdark wraz z Pude\u0142kiem. Mie\u015bci fanowski dodatek oraz podstawow\u0105 wersj\u0119 gry. Wykonany z HDF.","breadcrumb":{"@id":"https:\/\/printyourfun.eu\/product\/insert-tyrants-pudelko\/#breadcrumb"},"inLanguage":"en-GB","potentialAction":[{"@type":"ReadAction","target":["https:\/\/printyourfun.eu\/product\/insert-tyrants-pudelko\/"]}]},{"@type":"ImageObject","inLanguage":"en-GB","@id":"https:\/\/printyourfun.eu\/product\/insert-tyrants-pudelko\/#primaryimage","url":"https:\/\/printyourfun.eu\/wp-content\/uploads\/2025\/11\/ASC02682.jpg","contentUrl":"https:\/\/printyourfun.eu\/wp-content\/uploads\/2025\/11\/ASC02682.jpg","width":2000,"height":2000},{"@type":"BreadcrumbList","@id":"https:\/\/printyourfun.eu\/product\/insert-tyrants-pudelko\/#breadcrumb","itemListElement":[{"@type":"ListItem","position":1,"name":"Home","item":"https:\/\/printyourfun.eu\/"},{"@type":"ListItem","position":2,"name":"Sklep","item":"https:\/\/printyourfun.eu\/sklep\/"},{"@type":"ListItem","position":3,"name":"Pude\u0142ko z insertem do gry Tyrants of Underdark Dodatek fanowski"}]},{"@type":"WebSite","@id":"https:\/\/printyourfun.eu\/#website","url":"https:\/\/printyourfun.eu\/","name":"PrintYourFun","description":"Wydruki 3D","potentialAction":[{"@type":"SearchAction","target":{"@type":"EntryPoint","urlTemplate":"https:\/\/printyourfun.eu\/?s={search_term_string}"},"query-input":{"@type":"PropertyValueSpecification","valueRequired":true,"valueName":"search_term_string"}}],"inLanguage":"en-GB"}]}},"_links":{"self":[{"href":"https:\/\/printyourfun.eu\/en\/wp-json\/wp\/v2\/product\/6730","targetHints":{"allow":["GET"]}}],"collection":[{"href":"https:\/\/printyourfun.eu\/en\/wp-json\/wp\/v2\/product"}],"about":[{"href":"https:\/\/printyourfun.eu\/en\/wp-json\/wp\/v2\/types\/product"}],"replies":[{"embeddable":true,"href":"https:\/\/printyourfun.eu\/en\/wp-json\/wp\/v2\/comments?post=6730"}],"wp:featuredmedia":[{"embeddable":true,"href":"https:\/\/printyourfun.eu\/en\/wp-json\/wp\/v2\/media\/6735"}],"wp:attachment":[{"href":"https:\/\/printyourfun.eu\/en\/wp-json\/wp\/v2\/media?parent=6730"}],"wp:term":[{"taxonomy":"product_brand","embeddable":true,"href":"https:\/\/printyourfun.eu\/en\/wp-json\/wp\/v2\/product_brand?post=6730"},{"taxonomy":"product_cat","embeddable":true,"href":"https:\/\/printyourfun.eu\/en\/wp-json\/wp\/v2\/product_cat?post=6730"},{"taxonomy":"product_tag","embeddable":true,"href":"https:\/\/printyourfun.eu\/en\/wp-json\/wp\/v2\/product_tag?post=6730"}],"curies":[{"name":"wp","href":"https:\/\/api.w.org\/{rel}","templated":true}]}}