{"id":6743,"date":"2025-11-24T21:58:30","date_gmt":"2025-11-24T20:58:30","guid":{"rendered":"https:\/\/printyourfun.eu\/?post_type=product&#038;p=6743"},"modified":"2025-11-24T22:22:49","modified_gmt":"2025-11-24T21:22:49","slug":"tyrantsofunderdark-dodatek","status":"publish","type":"product","link":"https:\/\/printyourfun.eu\/en\/product\/tyrantsofunderdark-dodatek\/","title":{"rendered":"Tyrants of the Underdark \u2013 Fanowski Dodatek Premium"},"content":{"rendered":"<p><span style=\"color: #c66a26; font-size: 110%; border-left: 10px solid #c66a26; padding-left: 15px;\"><strong>Tyrants of the Underdark \u2013 Fanowski Dodatek Premium<\/strong><\/span><\/p>\n<p data-start=\"153\" data-end=\"469\">Ten wyj\u0105tkowy <strong data-start=\"167\" data-end=\"187\">dodatek fanowski<\/strong> do gry <em data-start=\"195\" data-end=\"221\">Tyrants of the Underdark<\/em> zosta\u0142 stworzony z pasji i mi\u0142o\u015bci do \u015bwiata Podmroku. Zawiera kilka mini\u2013rozszerze\u0144 po\u0142\u0105czonych w sp\u00f3jn\u0105 ca\u0142o\u015b\u0107, w tym <strong data-start=\"342\" data-end=\"368\">cztery nowe talie kart<\/strong> oraz <strong data-start=\"374\" data-end=\"399\">modularn\u0105 map\u0119 hexow\u0105<\/strong>, kt\u00f3ra znacz\u0105co zwi\u0119ksza regrywalno\u015b\u0107 dzi\u0119ki losowemu uk\u0142adowi p\u00f3l.<\/p>\n<p data-start=\"471\" data-end=\"628\">Wszystkie elementy wykonane s\u0105 w <strong data-start=\"504\" data-end=\"523\">jako\u015bci premium<\/strong> \u2013 druk w profesjonalnej drukarni gwarantuje standard dor\u00f3wnuj\u0105cy najlepszym wydaniom gier planszowych.<\/p>\n<p data-start=\"471\" data-end=\"628\">\ud83d\udd39 Dodatek\u00a0 stworzony przez fan\u00f3w i nie stanowi oficjalnego produktu.<br \/>\n\ud83d\udd39 Niniejsza pozycja dotyczy sprzeda\u017cy pozosta\u0142o\u015bci produkcyjnych po fanowskiej zbi\u00f3rce.<br \/>\n\ud83d\udd39 Mog\u0105 wyst\u0119powa\u0107 drobne wady kart (np. odwr\u00f3cony rewers lub lekkie przesuni\u0119cie ramki do 2 mm). Nie wp\u0142ywaj\u0105 one na rozgrywk\u0119.<br \/>\n\ud83d\udd39 Wszystkie pozosta\u0142e komponenty s\u0105 wolne od wad.<\/p>\n<h2 data-start=\"1035\" data-end=\"1062\"><strong data-start=\"1038\" data-end=\"1060\">Zawarto\u015b\u0107 zestawu:<\/strong><\/h2>\n<h3 data-start=\"1064\" data-end=\"1104\"><strong data-start=\"1068\" data-end=\"1102\">Demonweb + Site of Powers<\/strong><\/h3>\n<ul data-start=\"1105\" data-end=\"1217\">\n<li data-start=\"1105\" data-end=\"1126\">\n<p data-start=\"1107\" data-end=\"1126\">42 \u017cetony lokacji<\/p>\n<\/li>\n<li data-start=\"1127\" data-end=\"1159\">\n<p data-start=\"1129\" data-end=\"1159\">27 hex\u00f3w (modularna plansza)<\/p>\n<\/li>\n<li data-start=\"1160\" data-end=\"1217\">\n<p data-start=\"1162\" data-end=\"1172\">80 kart:<\/p>\n<ul data-start=\"1175\" data-end=\"1217\">\n<li data-start=\"1175\" data-end=\"1195\">\n<p data-start=\"1177\" data-end=\"1195\"><em data-start=\"1177\" data-end=\"1193\">Spiderkin Deck<\/em><\/p>\n<\/li>\n<li data-start=\"1198\" data-end=\"1217\">\n<p data-start=\"1200\" data-end=\"1217\"><em data-start=\"1200\" data-end=\"1215\">Yugoloth Deck<\/em><\/p>\n<\/li>\n<\/ul>\n<\/li>\n<\/ul>\n<h3 data-start=\"1219\" data-end=\"1242\"><strong data-start=\"1223\" data-end=\"1240\">Siege Deck<\/strong><\/h3>\n<ul data-start=\"1243\" data-end=\"1254\">\n<li data-start=\"1243\" data-end=\"1254\">\n<p data-start=\"1245\" data-end=\"1254\">40 kart<\/p>\n<\/li>\n<\/ul>\n<h3 data-start=\"1256\" data-end=\"1287\"><strong data-start=\"1260\" data-end=\"1285\">Scourge of Jubilex<\/strong><\/h3>\n<ul data-start=\"1288\" data-end=\"1366\">\n<li data-start=\"1288\" data-end=\"1299\">\n<p data-start=\"1290\" data-end=\"1299\">40 kart<\/p>\n<\/li>\n<li data-start=\"1300\" data-end=\"1321\">\n<p data-start=\"1302\" data-end=\"1321\">Planszetka gracza<\/p>\n<\/li>\n<li data-start=\"1322\" data-end=\"1334\">\n<p data-start=\"1324\" data-end=\"1334\">Ko\u015b\u0107 K12<\/p>\n<\/li>\n<li data-start=\"1335\" data-end=\"1348\">\n<p data-start=\"1337\" data-end=\"1348\">24 \u017cetony<\/p>\n<\/li>\n<li data-start=\"1349\" data-end=\"1366\">\n<p data-start=\"1351\" data-end=\"1366\">1 \u017ceton plagi<\/p>\n<\/li>\n<\/ul>\n<h3 data-start=\"1368\" data-end=\"1400\"><strong data-start=\"1372\" data-end=\"1398\">Rites of Demogorgon<\/strong><\/h3>\n<ul data-start=\"1401\" data-end=\"1414\">\n<li data-start=\"1401\" data-end=\"1414\">\n<p data-start=\"1403\" data-end=\"1414\">2 plansze dla trybu 2 osobowego ( 1 vs 1 )<\/p>\n<\/li>\n<\/ul>\n<h3 data-start=\"1416\" data-end=\"1445\"><strong data-start=\"1420\" data-end=\"1443\">Gems of Darkness<\/strong><\/h3>\n<ul data-start=\"1446\" data-end=\"1552\">\n<li data-start=\"1446\" data-end=\"1476\">\n<p data-start=\"1448\" data-end=\"1476\">15 fioletowych kryszta\u0142k\u00f3w<\/p>\n<\/li>\n<li data-start=\"1477\" data-end=\"1507\">\n<p data-start=\"1479\" data-end=\"1507\">35 niebieskich kryszta\u0142k\u00f3w<\/p>\n<\/li>\n<li data-start=\"1508\" data-end=\"1537\">\n<p data-start=\"1510\" data-end=\"1537\">35 czerwonych kryszta\u0142k\u00f3w<\/p>\n<\/li>\n<li data-start=\"1538\" data-end=\"1552\">\n<p data-start=\"1540\" data-end=\"1552\">1 woreczek<\/p>\n<\/li>\n<\/ul>\n<h3 data-start=\"1554\" data-end=\"1577\"><strong data-start=\"1558\" data-end=\"1575\">Instrukcje<\/strong><\/h3>\n<ul data-start=\"1578\" data-end=\"1665\">\n<li data-start=\"1578\" data-end=\"1665\">\n<p data-start=\"1580\" data-end=\"1665\">Komplet instrukcji do wszystkich dodatk\u00f3w (w formie ksi\u0105\u017ceczki, nie lu\u017anych kartek)<\/p>\n<\/li>\n<\/ul>\n<p>Pude\u0142ko i insert zast\u0119puj\u0105 oryginalne<\/p>\n<p><img loading=\"lazy\" decoding=\"async\" class=\"aligncenter size-medium wp-image-6734\" src=\"https:\/\/printyourfun.eu\/wp-content\/uploads\/2025\/11\/Insert-zbiorczy2-1-748x400.jpg\" alt=\"\" width=\"748\" height=\"400\" srcset=\"https:\/\/printyourfun.eu\/wp-content\/uploads\/2025\/11\/Insert-zbiorczy2-1-748x400.jpg 748w, https:\/\/printyourfun.eu\/wp-content\/uploads\/2025\/11\/Insert-zbiorczy2-1-1400x749.jpg 1400w, https:\/\/printyourfun.eu\/wp-content\/uploads\/2025\/11\/Insert-zbiorczy2-1-768x411.jpg 768w, https:\/\/printyourfun.eu\/wp-content\/uploads\/2025\/11\/Insert-zbiorczy2-1-1536x822.jpg 1536w, https:\/\/printyourfun.eu\/wp-content\/uploads\/2025\/11\/Insert-zbiorczy2-1-2048x1096.jpg 2048w, https:\/\/printyourfun.eu\/wp-content\/uploads\/2025\/11\/Insert-zbiorczy2-1-18x10.jpg 18w, https:\/\/printyourfun.eu\/wp-content\/uploads\/2025\/11\/Insert-zbiorczy2-1-600x321.jpg 600w\" sizes=\"auto, (max-width: 748px) 100vw, 748px\" \/><\/p>\n<p>&nbsp;<\/p>\n<p>PRODUKT NIE ZAWIERA GRY PLANSZOWEJ I JEJ ELEMENT\u00d3W.<\/p>\n<p>&nbsp;<\/p>","protected":false},"excerpt":{"rendered":"<p>Tyrants of the Underdark \u2013 Fanowski Dodatek Premium Ten wyj\u0105tkowy dodatek fanowski do gry Tyrants of the Underdark zosta\u0142 stworzony z pasji i mi\u0142o\u015bci do \u015bwiata Podmroku. Zawiera kilka mini\u2013rozszerze\u0144 po\u0142\u0105czonych w sp\u00f3jn\u0105 ca\u0142o\u015b\u0107, w tym cztery nowe talie kart oraz modularn\u0105 map\u0119 hexow\u0105, kt\u00f3ra znacz\u0105co zwi\u0119ksza regrywalno\u015b\u0107 dzi\u0119ki losowemu uk\u0142adowi p\u00f3l. Wszystkie elementy wykonane [&#8230;]","protected":false},"featured_media":6748,"comment_status":"open","ping_status":"closed","template":"","meta":{"_acf_changed":false},"product_brand":[],"product_cat":[354],"product_tag":[128,417,262,261,418],"class_list":{"0":"post-6743","1":"product","2":"type-product","3":"status-publish","4":"has-post-thumbnail","6":"product_cat-tyrants-of-the-underdark-dodatki-fanowskie","7":"product_tag-insert","8":"product_tag-pudelko-tyrants","9":"product_tag-tyrants","10":"product_tag-tyrants-of-the-underdark","11":"product_tag-tyrants-of-the-underdark-dodatek","13":"first","14":"instock","15":"shipping-taxable","16":"purchasable","17":"product-type-variable"},"acf":[],"yoast_head":"<!-- This site is optimized with the Yoast SEO plugin v24.8.1 - https:\/\/yoast.com\/wordpress\/plugins\/seo\/ -->\n<title>Tyrants of the Underdark \u2013 Fanowski Dodatek Premium - PrintYourFun<\/title>\n<meta name=\"description\" content=\"Tyrants of Underdark dodatek fanowski wraz z Pude\u0142kiem. Mie\u015bci fanowski dodatek oraz podstawow\u0105 wersj\u0119 gry. Wykonany z HDF.\" \/>\n<meta name=\"robots\" content=\"index, follow, max-snippet:-1, max-image-preview:large, max-video-preview:-1\" \/>\n<link rel=\"canonical\" href=\"https:\/\/printyourfun.eu\/en\/product\/tyrantsofunderdark-dodatek\/\" \/>\n<meta property=\"og:locale\" content=\"en_GB\" \/>\n<meta property=\"og:type\" content=\"article\" \/>\n<meta property=\"og:title\" content=\"Tyrants of the Underdark \u2013 Fanowski Dodatek Premium - PrintYourFun\" \/>\n<meta property=\"og:description\" content=\"Tyrants of Underdark dodatek fanowski wraz z Pude\u0142kiem. Mie\u015bci fanowski dodatek oraz podstawow\u0105 wersj\u0119 gry. Wykonany z HDF.\" \/>\n<meta property=\"og:url\" content=\"https:\/\/printyourfun.eu\/en\/product\/tyrantsofunderdark-dodatek\/\" \/>\n<meta property=\"og:site_name\" content=\"PrintYourFun\" \/>\n<meta property=\"article:publisher\" content=\"https:\/\/www.facebook.com\/Printyourfun\/\" \/>\n<meta property=\"article:modified_time\" content=\"2025-11-24T21:22:49+00:00\" \/>\n<meta property=\"og:image\" content=\"https:\/\/printyourfun.eu\/wp-content\/uploads\/2025\/11\/Main-Tyr.jpg\" \/>\n\t<meta property=\"og:image:width\" content=\"2500\" \/>\n\t<meta property=\"og:image:height\" content=\"2500\" \/>\n\t<meta property=\"og:image:type\" content=\"image\/jpeg\" \/>\n<meta name=\"twitter:card\" content=\"summary_large_image\" \/>\n<meta name=\"twitter:label1\" content=\"Estimated reading time\" \/>\n\t<meta name=\"twitter:data1\" content=\"2 minutes\" \/>\n<script type=\"application\/ld+json\" class=\"yoast-schema-graph\">{\"@context\":\"https:\/\/schema.org\",\"@graph\":[{\"@type\":\"WebPage\",\"@id\":\"https:\/\/printyourfun.eu\/product\/tyrantsofunderdark-dodatek\/\",\"url\":\"https:\/\/printyourfun.eu\/product\/tyrantsofunderdark-dodatek\/\",\"name\":\"Tyrants of the Underdark \u2013 Fanowski Dodatek Premium - PrintYourFun\",\"isPartOf\":{\"@id\":\"https:\/\/printyourfun.eu\/#website\"},\"primaryImageOfPage\":{\"@id\":\"https:\/\/printyourfun.eu\/product\/tyrantsofunderdark-dodatek\/#primaryimage\"},\"image\":{\"@id\":\"https:\/\/printyourfun.eu\/product\/tyrantsofunderdark-dodatek\/#primaryimage\"},\"thumbnailUrl\":\"https:\/\/printyourfun.eu\/wp-content\/uploads\/2025\/11\/Main-Tyr.jpg\",\"datePublished\":\"2025-11-24T20:58:30+00:00\",\"dateModified\":\"2025-11-24T21:22:49+00:00\",\"description\":\"Tyrants of Underdark dodatek fanowski wraz z Pude\u0142kiem. Mie\u015bci fanowski dodatek oraz podstawow\u0105 wersj\u0119 gry. Wykonany z HDF.\",\"breadcrumb\":{\"@id\":\"https:\/\/printyourfun.eu\/product\/tyrantsofunderdark-dodatek\/#breadcrumb\"},\"inLanguage\":\"en-GB\",\"potentialAction\":[{\"@type\":\"ReadAction\",\"target\":[\"https:\/\/printyourfun.eu\/product\/tyrantsofunderdark-dodatek\/\"]}]},{\"@type\":\"ImageObject\",\"inLanguage\":\"en-GB\",\"@id\":\"https:\/\/printyourfun.eu\/product\/tyrantsofunderdark-dodatek\/#primaryimage\",\"url\":\"https:\/\/printyourfun.eu\/wp-content\/uploads\/2025\/11\/Main-Tyr.jpg\",\"contentUrl\":\"https:\/\/printyourfun.eu\/wp-content\/uploads\/2025\/11\/Main-Tyr.jpg\",\"width\":2500,\"height\":2500},{\"@type\":\"BreadcrumbList\",\"@id\":\"https:\/\/printyourfun.eu\/product\/tyrantsofunderdark-dodatek\/#breadcrumb\",\"itemListElement\":[{\"@type\":\"ListItem\",\"position\":1,\"name\":\"Home\",\"item\":\"https:\/\/printyourfun.eu\/\"},{\"@type\":\"ListItem\",\"position\":2,\"name\":\"Sklep\",\"item\":\"https:\/\/printyourfun.eu\/sklep\/\"},{\"@type\":\"ListItem\",\"position\":3,\"name\":\"Tyrants of the Underdark \u2013 Fanowski Dodatek Premium\"}]},{\"@type\":\"WebSite\",\"@id\":\"https:\/\/printyourfun.eu\/#website\",\"url\":\"https:\/\/printyourfun.eu\/\",\"name\":\"PrintYourFun\",\"description\":\"Wydruki 3D\",\"potentialAction\":[{\"@type\":\"SearchAction\",\"target\":{\"@type\":\"EntryPoint\",\"urlTemplate\":\"https:\/\/printyourfun.eu\/?s={search_term_string}\"},\"query-input\":{\"@type\":\"PropertyValueSpecification\",\"valueRequired\":true,\"valueName\":\"search_term_string\"}}],\"inLanguage\":\"en-GB\"}]}<\/script>\n<!-- \/ Yoast SEO plugin. -->","yoast_head_json":{"title":"Tyrants of the Underdark \u2013 Fanowski Dodatek Premium - PrintYourFun","description":"Tyrants of Underdark dodatek fanowski wraz z Pude\u0142kiem. Mie\u015bci fanowski dodatek oraz podstawow\u0105 wersj\u0119 gry. Wykonany z HDF.","robots":{"index":"index","follow":"follow","max-snippet":"max-snippet:-1","max-image-preview":"max-image-preview:large","max-video-preview":"max-video-preview:-1"},"canonical":"https:\/\/printyourfun.eu\/en\/product\/tyrantsofunderdark-dodatek\/","og_locale":"en_GB","og_type":"article","og_title":"Tyrants of the Underdark \u2013 Fanowski Dodatek Premium - PrintYourFun","og_description":"Tyrants of Underdark dodatek fanowski wraz z Pude\u0142kiem. Mie\u015bci fanowski dodatek oraz podstawow\u0105 wersj\u0119 gry. Wykonany z HDF.","og_url":"https:\/\/printyourfun.eu\/en\/product\/tyrantsofunderdark-dodatek\/","og_site_name":"PrintYourFun","article_publisher":"https:\/\/www.facebook.com\/Printyourfun\/","article_modified_time":"2025-11-24T21:22:49+00:00","og_image":[{"width":2500,"height":2500,"url":"https:\/\/printyourfun.eu\/wp-content\/uploads\/2025\/11\/Main-Tyr.jpg","type":"image\/jpeg"}],"twitter_card":"summary_large_image","twitter_misc":{"Estimated reading time":"2 minutes"},"schema":{"@context":"https:\/\/schema.org","@graph":[{"@type":"WebPage","@id":"https:\/\/printyourfun.eu\/product\/tyrantsofunderdark-dodatek\/","url":"https:\/\/printyourfun.eu\/product\/tyrantsofunderdark-dodatek\/","name":"Tyrants of the Underdark \u2013 Fanowski Dodatek Premium - PrintYourFun","isPartOf":{"@id":"https:\/\/printyourfun.eu\/#website"},"primaryImageOfPage":{"@id":"https:\/\/printyourfun.eu\/product\/tyrantsofunderdark-dodatek\/#primaryimage"},"image":{"@id":"https:\/\/printyourfun.eu\/product\/tyrantsofunderdark-dodatek\/#primaryimage"},"thumbnailUrl":"https:\/\/printyourfun.eu\/wp-content\/uploads\/2025\/11\/Main-Tyr.jpg","datePublished":"2025-11-24T20:58:30+00:00","dateModified":"2025-11-24T21:22:49+00:00","description":"Tyrants of Underdark dodatek fanowski wraz z Pude\u0142kiem. Mie\u015bci fanowski dodatek oraz podstawow\u0105 wersj\u0119 gry. Wykonany z HDF.","breadcrumb":{"@id":"https:\/\/printyourfun.eu\/product\/tyrantsofunderdark-dodatek\/#breadcrumb"},"inLanguage":"en-GB","potentialAction":[{"@type":"ReadAction","target":["https:\/\/printyourfun.eu\/product\/tyrantsofunderdark-dodatek\/"]}]},{"@type":"ImageObject","inLanguage":"en-GB","@id":"https:\/\/printyourfun.eu\/product\/tyrantsofunderdark-dodatek\/#primaryimage","url":"https:\/\/printyourfun.eu\/wp-content\/uploads\/2025\/11\/Main-Tyr.jpg","contentUrl":"https:\/\/printyourfun.eu\/wp-content\/uploads\/2025\/11\/Main-Tyr.jpg","width":2500,"height":2500},{"@type":"BreadcrumbList","@id":"https:\/\/printyourfun.eu\/product\/tyrantsofunderdark-dodatek\/#breadcrumb","itemListElement":[{"@type":"ListItem","position":1,"name":"Home","item":"https:\/\/printyourfun.eu\/"},{"@type":"ListItem","position":2,"name":"Sklep","item":"https:\/\/printyourfun.eu\/sklep\/"},{"@type":"ListItem","position":3,"name":"Tyrants of the Underdark \u2013 Fanowski Dodatek Premium"}]},{"@type":"WebSite","@id":"https:\/\/printyourfun.eu\/#website","url":"https:\/\/printyourfun.eu\/","name":"PrintYourFun","description":"Wydruki 3D","potentialAction":[{"@type":"SearchAction","target":{"@type":"EntryPoint","urlTemplate":"https:\/\/printyourfun.eu\/?s={search_term_string}"},"query-input":{"@type":"PropertyValueSpecification","valueRequired":true,"valueName":"search_term_string"}}],"inLanguage":"en-GB"}]}},"_links":{"self":[{"href":"https:\/\/printyourfun.eu\/en\/wp-json\/wp\/v2\/product\/6743","targetHints":{"allow":["GET"]}}],"collection":[{"href":"https:\/\/printyourfun.eu\/en\/wp-json\/wp\/v2\/product"}],"about":[{"href":"https:\/\/printyourfun.eu\/en\/wp-json\/wp\/v2\/types\/product"}],"replies":[{"embeddable":true,"href":"https:\/\/printyourfun.eu\/en\/wp-json\/wp\/v2\/comments?post=6743"}],"wp:featuredmedia":[{"embeddable":true,"href":"https:\/\/printyourfun.eu\/en\/wp-json\/wp\/v2\/media\/6748"}],"wp:attachment":[{"href":"https:\/\/printyourfun.eu\/en\/wp-json\/wp\/v2\/media?parent=6743"}],"wp:term":[{"taxonomy":"product_brand","embeddable":true,"href":"https:\/\/printyourfun.eu\/en\/wp-json\/wp\/v2\/product_brand?post=6743"},{"taxonomy":"product_cat","embeddable":true,"href":"https:\/\/printyourfun.eu\/en\/wp-json\/wp\/v2\/product_cat?post=6743"},{"taxonomy":"product_tag","embeddable":true,"href":"https:\/\/printyourfun.eu\/en\/wp-json\/wp\/v2\/product_tag?post=6743"}],"curies":[{"name":"wp","href":"https:\/\/api.w.org\/{rel}","templated":true}]}}