{"id":6779,"date":"2025-12-12T16:44:59","date_gmt":"2025-12-12T15:44:59","guid":{"rendered":"https:\/\/printyourfun.eu\/?post_type=product&#038;p=6779"},"modified":"2025-12-12T17:06:38","modified_gmt":"2025-12-12T16:06:38","slug":"organizer-planszy-gracza-nemesis-retaliation","status":"publish","type":"product","link":"https:\/\/printyourfun.eu\/en\/product\/organizer-planszy-gracza-nemesis-retaliation\/","title":{"rendered":"Organizer planszy gracza Nemesis Retaliation"},"content":{"rendered":"<p style=\"text-align: left;\"><span style=\"color: #c66a26; font-size: 110%; border-left: 10px solid #c66a26; padding-left: 15px;\"><strong>Organizer planszy gracza Nemesis Retaliation<\/strong><\/span><\/p>\n<p data-start=\"155\" data-end=\"466\">Ulepsz rozgrywk\u0119 w Nemesis Retaliation dzi\u0119ki stylowemu, funkcjonalnemu i klimatycznemu <strong data-start=\"243\" data-end=\"274\">organizerowi karty bohatera<\/strong>.<br data-start=\"275\" data-end=\"278\" \/>Zaprojektowany, aby utrzyma\u0107 wszystkie elementy gracza w idealnym porz\u0105dku \u2013 \u017cetony, karty i znaczniki maj\u0105 swoje w\u0142asne miejsce, a plansza staje si\u0119 czytelniejsza i wygodniejsza w u\u017cyciu.<\/p>\n<p data-start=\"468\" data-end=\"721\">Organizer wykonany jest ze <strong data-start=\"495\" data-end=\"554\">specjalnego materia\u0142u premium z metalicznymi drobinkami<\/strong>, kt\u00f3ry nadaje mu matowe i klimatyczne wyko\u0144czenie \u2013 bez efektu taniego plastiku.<br data-start=\"635\" data-end=\"638\" \/>Ca\u0142o\u015b\u0107 utrzymana jest w <strong data-start=\"662\" data-end=\"686\">futurystycznym stylu<\/strong>, idealnie pasuj\u0105cym do \u015bwiata gry.<\/p>\n<h2 data-start=\"728\" data-end=\"756\"><strong data-start=\"731\" data-end=\"756\">Najwa\u017cniejsze cechy<\/strong><\/h2>\n<ul data-start=\"757\" data-end=\"1640\">\n<li data-start=\"757\" data-end=\"860\">\n<p data-start=\"759\" data-end=\"860\">\u2728 <strong data-start=\"761\" data-end=\"807\">Materia\u0142 premium &#8222;Alloy&#8221; z metalicznymi drobinkami<\/strong> \u2013 wysoka immersja i eleganckie matowe wyko\u0144czenie.<\/p>\n<\/li>\n<li data-start=\"861\" data-end=\"940\">\n<p data-start=\"863\" data-end=\"940\">\ud83d\ude80 <strong data-start=\"866\" data-end=\"890\">Futurystyczny design<\/strong>, w pe\u0142ni zgodny klimatem z Nemesis Retaliation.<\/p>\n<\/li>\n<li data-start=\"941\" data-end=\"981\">\n<p data-start=\"943\" data-end=\"981\">\ud83d\udee1\ufe0f <strong data-start=\"947\" data-end=\"978\">Pasuje do kart w koszulkach<\/strong>.<\/p>\n<\/li>\n<li data-start=\"982\" data-end=\"1080\">\n<p data-start=\"984\" data-end=\"1080\">\ud83c\udfb2 <strong data-start=\"987\" data-end=\"1025\">Pe\u0142na organizacja element\u00f3w gracza<\/strong> \u2013 \u017cetony, znaczniki i karty zawsze na swoim miejscu.<\/p>\n<\/li>\n<li data-start=\"1081\" data-end=\"1233\">\n<p data-start=\"1083\" data-end=\"1233\">\ud83d\udcd8 <strong data-start=\"1086\" data-end=\"1123\">Specjalny slot na Character Board<\/strong>, utrzymuj\u0105cy kart\u0119 postaci idealnie p\u0142asko (szczeg\u00f3lnie przydatne przy kartonach z tendencj\u0105 do wyginania).<\/p>\n<\/li>\n<li data-start=\"1234\" data-end=\"1331\">\n<p data-start=\"1236\" data-end=\"1331\">\ud83d\uddc2\ufe0f <strong data-start=\"1240\" data-end=\"1281\">Slot stabilizuj\u0105cy podstawk\u0119 na karty<\/strong>, dzi\u0119ki czemu nic si\u0119 nie przesuwa podczas gry.<\/p>\n<\/li>\n<li data-start=\"1332\" data-end=\"1422\">\n<p data-start=\"1334\" data-end=\"1422\">\ud83d\udce6 <strong data-start=\"1337\" data-end=\"1374\">Sk\u0142adana konstrukcja (3 segmenty)<\/strong> umo\u017cliwia wygodne przechowywanie organizer\u00f3w.<\/p>\n<\/li>\n<li data-start=\"1423\" data-end=\"1502\">\n<p data-start=\"1425\" data-end=\"1502\">\ud83e\uddf1 <strong data-start=\"1428\" data-end=\"1461\">Wytrzyma\u0142y i solidny materia\u0142<\/strong> zapewniaj\u0105cy d\u0142ug\u0105 \u017cywotno\u015b\u0107 produktu.<\/p>\n<\/li>\n<li data-start=\"1503\" data-end=\"1640\">\n<p data-start=\"1505\" data-end=\"1640\">\ud83c\udfa8 <strong data-start=\"1508\" data-end=\"1534\">Dost\u0119pny w 7 kolorach.\u00a0<\/strong><\/p>\n<\/li>\n<\/ul>\n<p><img loading=\"lazy\" decoding=\"async\" class=\"aligncenter size-medium wp-image-6832\" src=\"https:\/\/printyourfun.eu\/wp-content\/uploads\/2025\/12\/Main-www-1-800x374.jpg\" alt=\"\" width=\"800\" height=\"374\" srcset=\"https:\/\/printyourfun.eu\/wp-content\/uploads\/2025\/12\/Main-www-1-800x374.jpg 800w, https:\/\/printyourfun.eu\/wp-content\/uploads\/2025\/12\/Main-www-1-1400x655.jpg 1400w, https:\/\/printyourfun.eu\/wp-content\/uploads\/2025\/12\/Main-www-1-768x359.jpg 768w, https:\/\/printyourfun.eu\/wp-content\/uploads\/2025\/12\/Main-www-1-1536x718.jpg 1536w, https:\/\/printyourfun.eu\/wp-content\/uploads\/2025\/12\/Main-www-1-2048x958.jpg 2048w, https:\/\/printyourfun.eu\/wp-content\/uploads\/2025\/12\/Main-www-1-18x8.jpg 18w, https:\/\/printyourfun.eu\/wp-content\/uploads\/2025\/12\/Main-www-1-600x281.jpg 600w\" sizes=\"auto, (max-width: 800px) 100vw, 800px\" \/><\/p>\n<h2 data-start=\"1647\" data-end=\"1673\"><strong data-start=\"1650\" data-end=\"1673\">Wa\u017cne informacje<\/strong><\/h2>\n<p data-start=\"1674\" data-end=\"1829\">Elementy gry widoczne na zdj\u0119ciach <strong data-start=\"1709\" data-end=\"1734\">nie s\u0105 cz\u0119\u015bci\u0105 oferty<\/strong> \u2014 zosta\u0142y u\u017cyte wy\u0142\u0105cznie do cel\u00f3w prezentacyjnych.<br data-start=\"1786\" data-end=\"1789\" \/>Produkt jest <strong data-start=\"1802\" data-end=\"1828\">fanowski, nieoficjalny<\/strong>.<\/p>\n<h6><\/h6>","protected":false},"excerpt":{"rendered":"<p>Organizer planszy gracza Nemesis Retaliation Ulepsz rozgrywk\u0119 w Nemesis Retaliation dzi\u0119ki stylowemu, funkcjonalnemu i klimatycznemu organizerowi karty bohatera.Zaprojektowany, aby utrzyma\u0107 wszystkie elementy gracza w idealnym porz\u0105dku \u2013 \u017cetony, karty i znaczniki maj\u0105 swoje w\u0142asne miejsce, a plansza staje si\u0119 czytelniejsza i wygodniejsza w u\u017cyciu. Organizer wykonany jest ze specjalnego materia\u0142u premium z metalicznymi drobinkami, kt\u00f3ry [&#8230;]","protected":false},"featured_media":6813,"comment_status":"open","ping_status":"closed","template":"","meta":{"_acf_changed":false},"product_brand":[],"product_cat":[70,163],"product_tag":[166,162,164,165,410,127,411],"class_list":{"0":"post-6779","1":"product","2":"type-product","3":"status-publish","4":"has-post-thumbnail","6":"product_cat-akcesoria-do-gier","7":"product_cat-organizery-plansz","8":"product_tag-gracza","9":"product_tag-nakladka","10":"product_tag-nemesis","11":"product_tag-nemesis-board-game","12":"product_tag-nemesis-retaliation","13":"product_tag-organizer","14":"product_tag-retaliation","16":"first","17":"instock","18":"shipping-taxable","19":"purchasable","20":"product-type-variable"},"acf":[],"yoast_head":"<!-- This site is optimized with the Yoast SEO plugin v24.8.1 - https:\/\/yoast.com\/wordpress\/plugins\/seo\/ -->\n<title>Organizer planszy gracza Nemesis Retaliation - PrintYourFun<\/title>\n<meta name=\"description\" content=\"Premium organizer karty bohatera do Nemesis Retaliation. Utrzymuje \u017cetony, karty i znaczniki w idealnym porz\u0105dku. Wytrzyma\u0142a futurystyczna konstrukcja.\" \/>\n<meta name=\"robots\" content=\"index, follow, max-snippet:-1, max-image-preview:large, max-video-preview:-1\" \/>\n<link rel=\"canonical\" href=\"https:\/\/printyourfun.eu\/en\/product\/organizer-planszy-gracza-nemesis-retaliation\/\" \/>\n<meta property=\"og:locale\" content=\"en_GB\" \/>\n<meta property=\"og:type\" content=\"article\" \/>\n<meta property=\"og:title\" content=\"Organizer planszy gracza Nemesis Retaliation - PrintYourFun\" \/>\n<meta property=\"og:description\" content=\"Premium organizer karty bohatera do Nemesis Retaliation. Utrzymuje \u017cetony, karty i znaczniki w idealnym porz\u0105dku. Wytrzyma\u0142a futurystyczna konstrukcja.\" \/>\n<meta property=\"og:url\" content=\"https:\/\/printyourfun.eu\/en\/product\/organizer-planszy-gracza-nemesis-retaliation\/\" \/>\n<meta property=\"og:site_name\" content=\"PrintYourFun\" \/>\n<meta property=\"article:publisher\" content=\"https:\/\/www.facebook.com\/Printyourfun\/\" \/>\n<meta property=\"article:modified_time\" content=\"2025-12-12T16:06:38+00:00\" \/>\n<meta property=\"og:image\" content=\"https:\/\/printyourfun.eu\/wp-content\/uploads\/2025\/12\/Main-ale.jpg\" \/>\n\t<meta property=\"og:image:width\" content=\"2000\" \/>\n\t<meta property=\"og:image:height\" content=\"2000\" \/>\n\t<meta property=\"og:image:type\" content=\"image\/jpeg\" \/>\n<meta name=\"twitter:card\" content=\"summary_large_image\" \/>\n<meta name=\"twitter:label1\" content=\"Estimated reading time\" \/>\n\t<meta name=\"twitter:data1\" content=\"2 minutes\" \/>\n<script type=\"application\/ld+json\" class=\"yoast-schema-graph\">{\"@context\":\"https:\/\/schema.org\",\"@graph\":[{\"@type\":\"WebPage\",\"@id\":\"https:\/\/printyourfun.eu\/product\/organizer-planszy-gracza-nemesis-retaliation\/\",\"url\":\"https:\/\/printyourfun.eu\/product\/organizer-planszy-gracza-nemesis-retaliation\/\",\"name\":\"Organizer planszy gracza Nemesis Retaliation - PrintYourFun\",\"isPartOf\":{\"@id\":\"https:\/\/printyourfun.eu\/#website\"},\"primaryImageOfPage\":{\"@id\":\"https:\/\/printyourfun.eu\/product\/organizer-planszy-gracza-nemesis-retaliation\/#primaryimage\"},\"image\":{\"@id\":\"https:\/\/printyourfun.eu\/product\/organizer-planszy-gracza-nemesis-retaliation\/#primaryimage\"},\"thumbnailUrl\":\"https:\/\/printyourfun.eu\/wp-content\/uploads\/2025\/12\/Main-ale.jpg\",\"datePublished\":\"2025-12-12T15:44:59+00:00\",\"dateModified\":\"2025-12-12T16:06:38+00:00\",\"description\":\"Premium organizer karty bohatera do Nemesis Retaliation. Utrzymuje \u017cetony, karty i znaczniki w idealnym porz\u0105dku. Wytrzyma\u0142a futurystyczna konstrukcja.\",\"breadcrumb\":{\"@id\":\"https:\/\/printyourfun.eu\/product\/organizer-planszy-gracza-nemesis-retaliation\/#breadcrumb\"},\"inLanguage\":\"en-GB\",\"potentialAction\":[{\"@type\":\"ReadAction\",\"target\":[\"https:\/\/printyourfun.eu\/product\/organizer-planszy-gracza-nemesis-retaliation\/\"]}]},{\"@type\":\"ImageObject\",\"inLanguage\":\"en-GB\",\"@id\":\"https:\/\/printyourfun.eu\/product\/organizer-planszy-gracza-nemesis-retaliation\/#primaryimage\",\"url\":\"https:\/\/printyourfun.eu\/wp-content\/uploads\/2025\/12\/Main-ale.jpg\",\"contentUrl\":\"https:\/\/printyourfun.eu\/wp-content\/uploads\/2025\/12\/Main-ale.jpg\",\"width\":2000,\"height\":2000},{\"@type\":\"BreadcrumbList\",\"@id\":\"https:\/\/printyourfun.eu\/product\/organizer-planszy-gracza-nemesis-retaliation\/#breadcrumb\",\"itemListElement\":[{\"@type\":\"ListItem\",\"position\":1,\"name\":\"Home\",\"item\":\"https:\/\/printyourfun.eu\/\"},{\"@type\":\"ListItem\",\"position\":2,\"name\":\"Sklep\",\"item\":\"https:\/\/printyourfun.eu\/sklep\/\"},{\"@type\":\"ListItem\",\"position\":3,\"name\":\"Organizer planszy gracza Nemesis Retaliation\"}]},{\"@type\":\"WebSite\",\"@id\":\"https:\/\/printyourfun.eu\/#website\",\"url\":\"https:\/\/printyourfun.eu\/\",\"name\":\"PrintYourFun\",\"description\":\"Wydruki 3D\",\"potentialAction\":[{\"@type\":\"SearchAction\",\"target\":{\"@type\":\"EntryPoint\",\"urlTemplate\":\"https:\/\/printyourfun.eu\/?s={search_term_string}\"},\"query-input\":{\"@type\":\"PropertyValueSpecification\",\"valueRequired\":true,\"valueName\":\"search_term_string\"}}],\"inLanguage\":\"en-GB\"}]}<\/script>\n<!-- \/ Yoast SEO plugin. -->","yoast_head_json":{"title":"Organizer planszy gracza Nemesis Retaliation - PrintYourFun","description":"Premium organizer karty bohatera do Nemesis Retaliation. Utrzymuje \u017cetony, karty i znaczniki w idealnym porz\u0105dku. Wytrzyma\u0142a futurystyczna konstrukcja.","robots":{"index":"index","follow":"follow","max-snippet":"max-snippet:-1","max-image-preview":"max-image-preview:large","max-video-preview":"max-video-preview:-1"},"canonical":"https:\/\/printyourfun.eu\/en\/product\/organizer-planszy-gracza-nemesis-retaliation\/","og_locale":"en_GB","og_type":"article","og_title":"Organizer planszy gracza Nemesis Retaliation - PrintYourFun","og_description":"Premium organizer karty bohatera do Nemesis Retaliation. Utrzymuje \u017cetony, karty i znaczniki w idealnym porz\u0105dku. Wytrzyma\u0142a futurystyczna konstrukcja.","og_url":"https:\/\/printyourfun.eu\/en\/product\/organizer-planszy-gracza-nemesis-retaliation\/","og_site_name":"PrintYourFun","article_publisher":"https:\/\/www.facebook.com\/Printyourfun\/","article_modified_time":"2025-12-12T16:06:38+00:00","og_image":[{"width":2000,"height":2000,"url":"https:\/\/printyourfun.eu\/wp-content\/uploads\/2025\/12\/Main-ale.jpg","type":"image\/jpeg"}],"twitter_card":"summary_large_image","twitter_misc":{"Estimated reading time":"2 minutes"},"schema":{"@context":"https:\/\/schema.org","@graph":[{"@type":"WebPage","@id":"https:\/\/printyourfun.eu\/product\/organizer-planszy-gracza-nemesis-retaliation\/","url":"https:\/\/printyourfun.eu\/product\/organizer-planszy-gracza-nemesis-retaliation\/","name":"Organizer planszy gracza Nemesis Retaliation - PrintYourFun","isPartOf":{"@id":"https:\/\/printyourfun.eu\/#website"},"primaryImageOfPage":{"@id":"https:\/\/printyourfun.eu\/product\/organizer-planszy-gracza-nemesis-retaliation\/#primaryimage"},"image":{"@id":"https:\/\/printyourfun.eu\/product\/organizer-planszy-gracza-nemesis-retaliation\/#primaryimage"},"thumbnailUrl":"https:\/\/printyourfun.eu\/wp-content\/uploads\/2025\/12\/Main-ale.jpg","datePublished":"2025-12-12T15:44:59+00:00","dateModified":"2025-12-12T16:06:38+00:00","description":"Premium organizer karty bohatera do Nemesis Retaliation. Utrzymuje \u017cetony, karty i znaczniki w idealnym porz\u0105dku. Wytrzyma\u0142a futurystyczna konstrukcja.","breadcrumb":{"@id":"https:\/\/printyourfun.eu\/product\/organizer-planszy-gracza-nemesis-retaliation\/#breadcrumb"},"inLanguage":"en-GB","potentialAction":[{"@type":"ReadAction","target":["https:\/\/printyourfun.eu\/product\/organizer-planszy-gracza-nemesis-retaliation\/"]}]},{"@type":"ImageObject","inLanguage":"en-GB","@id":"https:\/\/printyourfun.eu\/product\/organizer-planszy-gracza-nemesis-retaliation\/#primaryimage","url":"https:\/\/printyourfun.eu\/wp-content\/uploads\/2025\/12\/Main-ale.jpg","contentUrl":"https:\/\/printyourfun.eu\/wp-content\/uploads\/2025\/12\/Main-ale.jpg","width":2000,"height":2000},{"@type":"BreadcrumbList","@id":"https:\/\/printyourfun.eu\/product\/organizer-planszy-gracza-nemesis-retaliation\/#breadcrumb","itemListElement":[{"@type":"ListItem","position":1,"name":"Home","item":"https:\/\/printyourfun.eu\/"},{"@type":"ListItem","position":2,"name":"Sklep","item":"https:\/\/printyourfun.eu\/sklep\/"},{"@type":"ListItem","position":3,"name":"Organizer planszy gracza Nemesis Retaliation"}]},{"@type":"WebSite","@id":"https:\/\/printyourfun.eu\/#website","url":"https:\/\/printyourfun.eu\/","name":"PrintYourFun","description":"Wydruki 3D","potentialAction":[{"@type":"SearchAction","target":{"@type":"EntryPoint","urlTemplate":"https:\/\/printyourfun.eu\/?s={search_term_string}"},"query-input":{"@type":"PropertyValueSpecification","valueRequired":true,"valueName":"search_term_string"}}],"inLanguage":"en-GB"}]}},"_links":{"self":[{"href":"https:\/\/printyourfun.eu\/en\/wp-json\/wp\/v2\/product\/6779","targetHints":{"allow":["GET"]}}],"collection":[{"href":"https:\/\/printyourfun.eu\/en\/wp-json\/wp\/v2\/product"}],"about":[{"href":"https:\/\/printyourfun.eu\/en\/wp-json\/wp\/v2\/types\/product"}],"replies":[{"embeddable":true,"href":"https:\/\/printyourfun.eu\/en\/wp-json\/wp\/v2\/comments?post=6779"}],"wp:featuredmedia":[{"embeddable":true,"href":"https:\/\/printyourfun.eu\/en\/wp-json\/wp\/v2\/media\/6813"}],"wp:attachment":[{"href":"https:\/\/printyourfun.eu\/en\/wp-json\/wp\/v2\/media?parent=6779"}],"wp:term":[{"taxonomy":"product_brand","embeddable":true,"href":"https:\/\/printyourfun.eu\/en\/wp-json\/wp\/v2\/product_brand?post=6779"},{"taxonomy":"product_cat","embeddable":true,"href":"https:\/\/printyourfun.eu\/en\/wp-json\/wp\/v2\/product_cat?post=6779"},{"taxonomy":"product_tag","embeddable":true,"href":"https:\/\/printyourfun.eu\/en\/wp-json\/wp\/v2\/product_tag?post=6779"}],"curies":[{"name":"wp","href":"https:\/\/api.w.org\/{rel}","templated":true}]}}