{"id":7063,"date":"2026-03-30T09:13:32","date_gmt":"2026-03-30T07:13:32","guid":{"rendered":"https:\/\/printyourfun.eu\/?post_type=product&#038;p=7063"},"modified":"2026-03-30T09:24:33","modified_gmt":"2026-03-30T07:24:33","slug":"wojna-w-krainie-czarow-nakladki-bohaterow","status":"publish","type":"product","link":"https:\/\/printyourfun.eu\/en\/product\/wojna-w-krainie-czarow-nakladki-bohaterow\/","title":{"rendered":"Wojna w Krainie Czar\u00f3w \u2013 Kolorowe nak\u0142adki na podstawki Bohater\u00f3w i Mieszka\u0144c\u00f3w"},"content":{"rendered":"<p style=\"text-align: left;\"><span style=\"color: #c66a26; font-size: 110%; border-left: 10px solid #c66a26; padding-left: 15px;\"><strong>Wojna w Krainie Kolorowe nak\u0142adki.<\/strong><\/span><\/p>\n<p>Wprowad\u017a porz\u0105dek do szale\u0144stwa na planszy dzi\u0119ki naszym dedykowanym nak\u0142adkom kolorystycznym. Zaprojektowane, aby zwi\u0119kszy\u0107 przejrzysto\u015b\u0107 rozgrywki w <i data-path-to-node=\"3\" data-index-in-node=\"154\">Wojnie w Krainie Czar\u00f3w.<\/i><\/p>\n<p data-path-to-node=\"4\"><b data-path-to-node=\"4\" data-index-in-node=\"0\">Co znajduje si\u0119 w zestawie<\/b><\/p>\n<p data-path-to-node=\"5\">Jeden kompletny zestaw sk\u0142ada si\u0119 \u0142\u0105cznie z 8 nak\u0142adek w 5 kolorach bohater\u00f3w.<\/p>\n<ul data-path-to-node=\"6\">\n<li>\n<p data-path-to-node=\"6,0,0\">\ud83d\udc64 <b data-path-to-node=\"6,0,0\" data-index-in-node=\"3\">1 dla Twojego Bohatera<\/b><\/p>\n<\/li>\n<li>\n<p data-path-to-node=\"6,1,0\">\ud83c\udccf <b data-path-to-node=\"6,1,0\" data-index-in-node=\"3\">7 dla Twoich Mieszka\u0144c\u00f3w (Wonderlandians)<\/b><\/p>\n<\/li>\n<\/ul>\n<p data-path-to-node=\"7\"><b data-path-to-node=\"7\" data-index-in-node=\"0\">\u2728 Kluczowe cechy i korzy\u015bci<\/b><\/p>\n<ul data-path-to-node=\"8\">\n<li>\n<p data-path-to-node=\"8,0,0\">\ud83d\udc41\ufe0f <b data-path-to-node=\"8,0,0\" data-index-in-node=\"4\">Lepsza widoczno\u015b\u0107:<\/b> W grze tak barwnej jak <i data-path-to-node=\"8,0,0\" data-index-in-node=\"46\">Wojna w Krainie Czar\u00f3w<\/i>, szybka orientacja, kt\u00f3re jednostki nale\u017c\u0105 do Ciebie, jest kluczowa dla strategii. Nak\u0142adki znacznie poprawiaj\u0105 czytelno\u015b\u0107 sytuacji na planszy.<\/p>\n<\/li>\n<li>\n<p data-path-to-node=\"8,1,0\">\ud83c\udfaf <b data-path-to-node=\"8,1,0\" data-index-in-node=\"3\">Identyfikacja frakcji:<\/b> \u0141atwo odr\u00f3\u017cnij swoich Mieszka\u0144c\u00f3w od jednostek przeciwnika, nawet gdy na jednym polu znajduje si\u0119 wielu graczy.<\/p>\n<\/li>\n<li>\n<p data-path-to-node=\"8,2,0\">\ud83c\udfd7\ufe0f <b data-path-to-node=\"8,2,0\" data-index-in-node=\"4\">Elastyczny gumowy materia\u0142:<\/b> Wykonane z wysokiej jako\u015bci gi\u0119tkiej gumy.<\/p>\n<\/li>\n<li>\n<p data-path-to-node=\"8,4,0\">\ud83d\udeb6 <b data-path-to-node=\"8,4,0\" data-index-in-node=\"3\">Wygodne przenoszenie:<\/b> Mo\u017cesz swobodnie podnosi\u0107 i przesuwa\u0107 swoje postacie po planszy, maj\u0105c pewno\u015b\u0107, \u017ce pier\u015bcie\u0144 pozostanie na swoim miejscu.<\/p>\n<\/li>\n<\/ul>\n<p data-path-to-node=\"9\"><b data-path-to-node=\"9\" data-index-in-node=\"0\">\u2139\ufe0f Wa\u017cne informacje<\/b><\/p>\n<ul data-path-to-node=\"10\">\n<li>\n<p data-path-to-node=\"10,0,0\">\ud83d\udeab Figurki i elementy gry widoczne na zdj\u0119ciach s\u0142u\u017c\u0105 wy\u0142\u0105cznie do cel\u00f3w prezentacyjnych i <b data-path-to-node=\"10,0,0\" data-index-in-node=\"91\">nie s\u0105 cz\u0119\u015bci\u0105 oferty<\/b>.<\/p>\n<\/li>\n<li>\n<p data-path-to-node=\"10,1,0\">Jest to fanowskie, nieoficjalne akcesorium zaprojektowane, aby ulepszy\u0107 Twoje wra\u017cenia z gry.<\/p>\n<\/li>\n<\/ul>\n<p>&nbsp;<\/p>\n<h6><\/h6>","protected":false},"excerpt":{"rendered":"<p>Wojna w Krainie Kolorowe nak\u0142adki. Wprowad\u017a porz\u0105dek do szale\u0144stwa na planszy dzi\u0119ki naszym dedykowanym nak\u0142adkom kolorystycznym. Zaprojektowane, aby zwi\u0119kszy\u0107 przejrzysto\u015b\u0107 rozgrywki w Wojnie w Krainie Czar\u00f3w. Co znajduje si\u0119 w zestawie Jeden kompletny zestaw sk\u0142ada si\u0119 \u0142\u0105cznie z 8 nak\u0142adek w 5 kolorach bohater\u00f3w. \ud83d\udc64 1 dla Twojego Bohatera \ud83c\udccf 7 dla Twoich Mieszka\u0144c\u00f3w (Wonderlandians) [&#8230;]","protected":false},"featured_media":7066,"comment_status":"open","ping_status":"closed","template":"","meta":{"_acf_changed":false},"product_brand":[],"product_cat":[70,79,80],"product_tag":[320,430,174,319,321,324,326,325,318],"class_list":{"0":"post-7063","1":"product","2":"type-product","3":"status-publish","4":"has-post-thumbnail","6":"product_cat-akcesoria-do-gier","7":"product_cat-oslony-na-zetony","8":"product_cat-podstawki-pod-figurki","9":"product_tag-kraina-czarow","10":"product_tag-nakladki","11":"product_tag-oslony","12":"product_tag-wojna","13":"product_tag-wojna-organizer","14":"product_tag-wojna-oslony","15":"product_tag-wojna-protektor","16":"product_tag-wojna-protektory","17":"product_tag-wojna-w-krainie-czarow","19":"first","20":"instock","21":"shipping-taxable","22":"purchasable","23":"product-type-simple"},"acf":[],"yoast_head":"<!-- This site is optimized with the Yoast SEO plugin v24.8.1 - https:\/\/yoast.com\/wordpress\/plugins\/seo\/ -->\n<title>Wojna w Krainie Czar\u00f3w \u2013 Kolorowe nak\u0142adki na podstawki Bohater\u00f3w i Mieszka\u0144c\u00f3w - PrintYourFun<\/title>\n<meta name=\"description\" content=\"Wojna w Krainie Czar\u00f3w! Zestaw 8 elastycznych nak\u0142adek na podstawki bohater\u00f3w i mieszka\u0144c\u00f3w. Popraw widoczno\u015b\u0107 swojej frakcji na planszy ju\u017c teraz!\" \/>\n<meta name=\"robots\" content=\"index, follow, max-snippet:-1, max-image-preview:large, max-video-preview:-1\" \/>\n<link rel=\"canonical\" href=\"https:\/\/printyourfun.eu\/en\/product\/wojna-w-krainie-czarow-nakladki-bohaterow\/\" \/>\n<meta property=\"og:locale\" content=\"en_GB\" \/>\n<meta property=\"og:type\" content=\"article\" \/>\n<meta property=\"og:title\" content=\"Wojna w Krainie Czar\u00f3w \u2013 Kolorowe nak\u0142adki na podstawki Bohater\u00f3w i Mieszka\u0144c\u00f3w - PrintYourFun\" \/>\n<meta property=\"og:description\" content=\"Wojna w Krainie Czar\u00f3w! Zestaw 8 elastycznych nak\u0142adek na podstawki bohater\u00f3w i mieszka\u0144c\u00f3w. Popraw widoczno\u015b\u0107 swojej frakcji na planszy ju\u017c teraz!\" \/>\n<meta property=\"og:url\" content=\"https:\/\/printyourfun.eu\/en\/product\/wojna-w-krainie-czarow-nakladki-bohaterow\/\" \/>\n<meta property=\"og:site_name\" content=\"PrintYourFun\" \/>\n<meta property=\"article:publisher\" content=\"https:\/\/www.facebook.com\/Printyourfun\/\" \/>\n<meta property=\"article:modified_time\" content=\"2026-03-30T07:24:33+00:00\" \/>\n<meta property=\"og:image\" content=\"https:\/\/printyourfun.eu\/wp-content\/uploads\/2026\/03\/DSC02771-kopia.jpg\" \/>\n\t<meta property=\"og:image:width\" content=\"2000\" \/>\n\t<meta property=\"og:image:height\" content=\"2000\" \/>\n\t<meta property=\"og:image:type\" content=\"image\/jpeg\" \/>\n<meta name=\"twitter:card\" content=\"summary_large_image\" \/>\n<meta name=\"twitter:label1\" content=\"Estimated reading time\" \/>\n\t<meta name=\"twitter:data1\" content=\"2 minutes\" \/>\n<script type=\"application\/ld+json\" class=\"yoast-schema-graph\">{\"@context\":\"https:\/\/schema.org\",\"@graph\":[{\"@type\":\"WebPage\",\"@id\":\"https:\/\/printyourfun.eu\/product\/wojna-w-krainie-czarow-nakladki-bohaterow\/\",\"url\":\"https:\/\/printyourfun.eu\/product\/wojna-w-krainie-czarow-nakladki-bohaterow\/\",\"name\":\"Wojna w Krainie Czar\u00f3w \u2013 Kolorowe nak\u0142adki na podstawki Bohater\u00f3w i Mieszka\u0144c\u00f3w - PrintYourFun\",\"isPartOf\":{\"@id\":\"https:\/\/printyourfun.eu\/#website\"},\"primaryImageOfPage\":{\"@id\":\"https:\/\/printyourfun.eu\/product\/wojna-w-krainie-czarow-nakladki-bohaterow\/#primaryimage\"},\"image\":{\"@id\":\"https:\/\/printyourfun.eu\/product\/wojna-w-krainie-czarow-nakladki-bohaterow\/#primaryimage\"},\"thumbnailUrl\":\"https:\/\/printyourfun.eu\/wp-content\/uploads\/2026\/03\/DSC02771-kopia.jpg\",\"datePublished\":\"2026-03-30T07:13:32+00:00\",\"dateModified\":\"2026-03-30T07:24:33+00:00\",\"description\":\"Wojna w Krainie Czar\u00f3w! Zestaw 8 elastycznych nak\u0142adek na podstawki bohater\u00f3w i mieszka\u0144c\u00f3w. Popraw widoczno\u015b\u0107 swojej frakcji na planszy ju\u017c teraz!\",\"breadcrumb\":{\"@id\":\"https:\/\/printyourfun.eu\/product\/wojna-w-krainie-czarow-nakladki-bohaterow\/#breadcrumb\"},\"inLanguage\":\"en-GB\",\"potentialAction\":[{\"@type\":\"ReadAction\",\"target\":[\"https:\/\/printyourfun.eu\/product\/wojna-w-krainie-czarow-nakladki-bohaterow\/\"]}]},{\"@type\":\"ImageObject\",\"inLanguage\":\"en-GB\",\"@id\":\"https:\/\/printyourfun.eu\/product\/wojna-w-krainie-czarow-nakladki-bohaterow\/#primaryimage\",\"url\":\"https:\/\/printyourfun.eu\/wp-content\/uploads\/2026\/03\/DSC02771-kopia.jpg\",\"contentUrl\":\"https:\/\/printyourfun.eu\/wp-content\/uploads\/2026\/03\/DSC02771-kopia.jpg\",\"width\":2000,\"height\":2000},{\"@type\":\"BreadcrumbList\",\"@id\":\"https:\/\/printyourfun.eu\/product\/wojna-w-krainie-czarow-nakladki-bohaterow\/#breadcrumb\",\"itemListElement\":[{\"@type\":\"ListItem\",\"position\":1,\"name\":\"Home\",\"item\":\"https:\/\/printyourfun.eu\/\"},{\"@type\":\"ListItem\",\"position\":2,\"name\":\"Sklep\",\"item\":\"https:\/\/printyourfun.eu\/sklep\/\"},{\"@type\":\"ListItem\",\"position\":3,\"name\":\"Wojna w Krainie Czar\u00f3w \u2013 Kolorowe nak\u0142adki na podstawki Bohater\u00f3w i Mieszka\u0144c\u00f3w\"}]},{\"@type\":\"WebSite\",\"@id\":\"https:\/\/printyourfun.eu\/#website\",\"url\":\"https:\/\/printyourfun.eu\/\",\"name\":\"PrintYourFun\",\"description\":\"Wydruki 3D\",\"potentialAction\":[{\"@type\":\"SearchAction\",\"target\":{\"@type\":\"EntryPoint\",\"urlTemplate\":\"https:\/\/printyourfun.eu\/?s={search_term_string}\"},\"query-input\":{\"@type\":\"PropertyValueSpecification\",\"valueRequired\":true,\"valueName\":\"search_term_string\"}}],\"inLanguage\":\"en-GB\"}]}<\/script>\n<!-- \/ Yoast SEO plugin. -->","yoast_head_json":{"title":"Wojna w Krainie Czar\u00f3w \u2013 Kolorowe nak\u0142adki na podstawki Bohater\u00f3w i Mieszka\u0144c\u00f3w - PrintYourFun","description":"Wojna w Krainie Czar\u00f3w! Zestaw 8 elastycznych nak\u0142adek na podstawki bohater\u00f3w i mieszka\u0144c\u00f3w. Popraw widoczno\u015b\u0107 swojej frakcji na planszy ju\u017c teraz!","robots":{"index":"index","follow":"follow","max-snippet":"max-snippet:-1","max-image-preview":"max-image-preview:large","max-video-preview":"max-video-preview:-1"},"canonical":"https:\/\/printyourfun.eu\/en\/product\/wojna-w-krainie-czarow-nakladki-bohaterow\/","og_locale":"en_GB","og_type":"article","og_title":"Wojna w Krainie Czar\u00f3w \u2013 Kolorowe nak\u0142adki na podstawki Bohater\u00f3w i Mieszka\u0144c\u00f3w - PrintYourFun","og_description":"Wojna w Krainie Czar\u00f3w! Zestaw 8 elastycznych nak\u0142adek na podstawki bohater\u00f3w i mieszka\u0144c\u00f3w. Popraw widoczno\u015b\u0107 swojej frakcji na planszy ju\u017c teraz!","og_url":"https:\/\/printyourfun.eu\/en\/product\/wojna-w-krainie-czarow-nakladki-bohaterow\/","og_site_name":"PrintYourFun","article_publisher":"https:\/\/www.facebook.com\/Printyourfun\/","article_modified_time":"2026-03-30T07:24:33+00:00","og_image":[{"width":2000,"height":2000,"url":"https:\/\/printyourfun.eu\/wp-content\/uploads\/2026\/03\/DSC02771-kopia.jpg","type":"image\/jpeg"}],"twitter_card":"summary_large_image","twitter_misc":{"Estimated reading time":"2 minutes"},"schema":{"@context":"https:\/\/schema.org","@graph":[{"@type":"WebPage","@id":"https:\/\/printyourfun.eu\/product\/wojna-w-krainie-czarow-nakladki-bohaterow\/","url":"https:\/\/printyourfun.eu\/product\/wojna-w-krainie-czarow-nakladki-bohaterow\/","name":"Wojna w Krainie Czar\u00f3w \u2013 Kolorowe nak\u0142adki na podstawki Bohater\u00f3w i Mieszka\u0144c\u00f3w - PrintYourFun","isPartOf":{"@id":"https:\/\/printyourfun.eu\/#website"},"primaryImageOfPage":{"@id":"https:\/\/printyourfun.eu\/product\/wojna-w-krainie-czarow-nakladki-bohaterow\/#primaryimage"},"image":{"@id":"https:\/\/printyourfun.eu\/product\/wojna-w-krainie-czarow-nakladki-bohaterow\/#primaryimage"},"thumbnailUrl":"https:\/\/printyourfun.eu\/wp-content\/uploads\/2026\/03\/DSC02771-kopia.jpg","datePublished":"2026-03-30T07:13:32+00:00","dateModified":"2026-03-30T07:24:33+00:00","description":"Wojna w Krainie Czar\u00f3w! Zestaw 8 elastycznych nak\u0142adek na podstawki bohater\u00f3w i mieszka\u0144c\u00f3w. Popraw widoczno\u015b\u0107 swojej frakcji na planszy ju\u017c teraz!","breadcrumb":{"@id":"https:\/\/printyourfun.eu\/product\/wojna-w-krainie-czarow-nakladki-bohaterow\/#breadcrumb"},"inLanguage":"en-GB","potentialAction":[{"@type":"ReadAction","target":["https:\/\/printyourfun.eu\/product\/wojna-w-krainie-czarow-nakladki-bohaterow\/"]}]},{"@type":"ImageObject","inLanguage":"en-GB","@id":"https:\/\/printyourfun.eu\/product\/wojna-w-krainie-czarow-nakladki-bohaterow\/#primaryimage","url":"https:\/\/printyourfun.eu\/wp-content\/uploads\/2026\/03\/DSC02771-kopia.jpg","contentUrl":"https:\/\/printyourfun.eu\/wp-content\/uploads\/2026\/03\/DSC02771-kopia.jpg","width":2000,"height":2000},{"@type":"BreadcrumbList","@id":"https:\/\/printyourfun.eu\/product\/wojna-w-krainie-czarow-nakladki-bohaterow\/#breadcrumb","itemListElement":[{"@type":"ListItem","position":1,"name":"Home","item":"https:\/\/printyourfun.eu\/"},{"@type":"ListItem","position":2,"name":"Sklep","item":"https:\/\/printyourfun.eu\/sklep\/"},{"@type":"ListItem","position":3,"name":"Wojna w Krainie Czar\u00f3w \u2013 Kolorowe nak\u0142adki na podstawki Bohater\u00f3w i Mieszka\u0144c\u00f3w"}]},{"@type":"WebSite","@id":"https:\/\/printyourfun.eu\/#website","url":"https:\/\/printyourfun.eu\/","name":"PrintYourFun","description":"Wydruki 3D","potentialAction":[{"@type":"SearchAction","target":{"@type":"EntryPoint","urlTemplate":"https:\/\/printyourfun.eu\/?s={search_term_string}"},"query-input":{"@type":"PropertyValueSpecification","valueRequired":true,"valueName":"search_term_string"}}],"inLanguage":"en-GB"}]}},"_links":{"self":[{"href":"https:\/\/printyourfun.eu\/en\/wp-json\/wp\/v2\/product\/7063","targetHints":{"allow":["GET"]}}],"collection":[{"href":"https:\/\/printyourfun.eu\/en\/wp-json\/wp\/v2\/product"}],"about":[{"href":"https:\/\/printyourfun.eu\/en\/wp-json\/wp\/v2\/types\/product"}],"replies":[{"embeddable":true,"href":"https:\/\/printyourfun.eu\/en\/wp-json\/wp\/v2\/comments?post=7063"}],"wp:featuredmedia":[{"embeddable":true,"href":"https:\/\/printyourfun.eu\/en\/wp-json\/wp\/v2\/media\/7066"}],"wp:attachment":[{"href":"https:\/\/printyourfun.eu\/en\/wp-json\/wp\/v2\/media?parent=7063"}],"wp:term":[{"taxonomy":"product_brand","embeddable":true,"href":"https:\/\/printyourfun.eu\/en\/wp-json\/wp\/v2\/product_brand?post=7063"},{"taxonomy":"product_cat","embeddable":true,"href":"https:\/\/printyourfun.eu\/en\/wp-json\/wp\/v2\/product_cat?post=7063"},{"taxonomy":"product_tag","embeddable":true,"href":"https:\/\/printyourfun.eu\/en\/wp-json\/wp\/v2\/product_tag?post=7063"}],"curies":[{"name":"wp","href":"https:\/\/api.w.org\/{rel}","templated":true}]}}