{"id":7122,"date":"2026-04-01T09:35:33","date_gmt":"2026-04-01T07:35:33","guid":{"rendered":"https:\/\/printyourfun.eu\/?post_type=product&#038;p=7122"},"modified":"2026-04-01T10:09:15","modified_gmt":"2026-04-01T08:09:15","slug":"wiedzmin-stary-swiat-organizer-gracza","status":"publish","type":"product","link":"https:\/\/printyourfun.eu\/en\/product\/wiedzmin-stary-swiat-organizer-gracza\/","title":{"rendered":"Wied\u017amin: Stary \u015awiat &#8211; Premium Organizer Gracza"},"content":{"rendered":"<p style=\"text-align: left;\"><span style=\"color: #c66a26; font-size: 110%; border-left: 10px solid #c66a26; padding-left: 15px;\"><strong>Wied\u017amin: Stary \u015awiat &#8211; Premium Organizer Gracza<\/strong><\/span><\/p>\n<p data-path-to-node=\"4\">Zanurz si\u0119 w mrocznym i brutalnym \u015bwiecie Kontynentu dzi\u0119ki naszemu customowemu organizerowi gracza do gry <i data-path-to-node=\"4\" data-index-in-node=\"110\">Wied\u017amin: Stary \u015awiat<\/i>. Koniec z ba\u0142aganem na planszy bohatera! Nasz organizer usprawnia rozgrywk\u0119.<\/p>\n<p data-path-to-node=\"5\"><b data-path-to-node=\"5\" data-index-in-node=\"0\">\ud83d\udee1\ufe0f G\u0142\u00f3wne Cechy Organizera:<\/b><\/p>\n<ul data-path-to-node=\"7\">\n<li>\n<p data-path-to-node=\"7,0,0\">\u2694\ufe0f <b data-path-to-node=\"7,0,0\" data-index-in-node=\"3\">Wysokie Ranty na Talie:<\/b> Solidne, wysokie kraw\u0119dzie utrzymuj\u0105 Twoje talie zdolno\u015bci na miejscu, zapobiegaj\u0105c przypadkowemu przesuni\u0119ciu kart nawet w ogniu walki.<\/p>\n<\/li>\n<li>\n<p data-path-to-node=\"7,1,0\">\ud83d\udcb0 <b data-path-to-node=\"7,1,0\" data-index-in-node=\"3\">2 Pojemniki na \u017betony:<\/b> Dwa zintegrowane pojemniki zapewniaj\u0105 wystarczaj\u0105co du\u017co miejsca na monety, znaczniki poziomu i specyficzne \u017cetony Twojej szko\u0142y wied\u017ami\u0144skiej, u\u0142atwiaj\u0105c setup i sprz\u0105tanie.<\/p>\n<\/li>\n<li>\n<p data-path-to-node=\"7,2,0\">\ud83c\udccf <b data-path-to-node=\"7,2,0\" data-index-in-node=\"3\">4 Sloty na Karty na Froncie:<\/b> Szybki dost\u0119p do czterech kluczowych, kart dzi\u0119ki slotom na froncie organizera, kt\u00f3re nie zas\u0142aniaj\u0105 g\u0142\u00f3wnego obszaru gry.<\/p>\n<\/li>\n<li>\n<p data-path-to-node=\"7,3,0\">\ud83e\ude9c <b data-path-to-node=\"7,3,0\" data-index-in-node=\"3\">3 Rowki Schodkowe na Ekwipunek:<\/b> Wyeksponuj sw\u00f3j ekwipunek w trzech schodkowo u\u0142o\u017conych rowkach, dzi\u0119ki czemu ka\u017cda karta jest widoczna i \u0142atwa do zarz\u0105dzania.<\/p>\n<\/li>\n<li>\n<p data-path-to-node=\"7,4,0\">\ud83d\udc64 <b data-path-to-node=\"7,4,0\" data-index-in-node=\"3\">Dedykowany Slot na Kart\u0119 Bohatera:<\/b> Precyzyjny slot &#8222;blokuje&#8221; Twoj\u0105 kart\u0119 wied\u017amina na miejscu, zapobiegaj\u0105c jej przesuwaniu si\u0119 podczas manipulowania plansz\u0105.<\/p>\n<\/li>\n<\/ul>\n<p data-path-to-node=\"8\"><b data-path-to-node=\"8\" data-index-in-node=\"0\">\u2728 Premium Materia\u0142 i Design:<\/b><\/p>\n<p data-path-to-node=\"9\">Wykonany z my\u015bl\u0105 o trwa\u0142o\u015bci i estetyce:<\/p>\n<ul data-path-to-node=\"10\">\n<li>\n<p data-path-to-node=\"10,0,0\">\ud83d\udcab <b data-path-to-node=\"10,0,0\" data-index-in-node=\"3\">Premium PLA ze Srebrnymi Drobinkami:<\/b> Zapomnij o &#8222;plastikowym&#8221;, tanim wygl\u0105dzie standardowych wydruk\u00f3w 3D. U\u017cywamy wysokiej klasy materia\u0142u nasyconego srebrnymi p\u0142atkami, co nadaje mu bogaty, metaliczny shimmer, idealnie pasuj\u0105cy do klimatu dark fantasy.<\/p>\n<\/li>\n<li>\n<p data-path-to-node=\"10,1,0\">\u2699\ufe0f <b data-path-to-node=\"10,1,0\" data-index-in-node=\"3\">Dwucz\u0119\u015bciowa, Sk\u0142adana Konstrukcja:<\/b> Zaprojektowany dla wygodnego przechowywania, organizer \u0142atwo dzieli si\u0119 na dwie kompaktowe cz\u0119\u015bci, dzi\u0119ki czemu bez problemu mie\u015bci si\u0119 w oryginalnym pude\u0142ku z gr\u0105.<\/p>\n<\/li>\n<li>\n<p data-path-to-node=\"10,2,0\">\u270a <b data-path-to-node=\"10,2,0\" data-index-in-node=\"2\">Wytrzyma\u0142y i Solidny:<\/b> Zaprojektowany, by przetrwa\u0107 niezliczone przygody. Solidna konstrukcja stanowi pewny fundament dla Twoich komponent\u00f3w, organizuj\u0105c i upraszczaj\u0105c ca\u0142e do\u015bwiadczenie z gry.<\/p>\n<\/li>\n<\/ul>\n<p data-path-to-node=\"11\"><b data-path-to-node=\"11\" data-index-in-node=\"0\">\ud83d\udce6 Dodatek: Pude\u0142ko Zbiorcze do Przechowywania dost\u0119pny w osobnej ofercie !<\/b><\/p>\n<ul data-path-to-node=\"12\">\n<li>\n<p data-path-to-node=\"12,0,0\">\u2705 <b data-path-to-node=\"12,0,0\" data-index-in-node=\"2\">Wersja na 3 lub 5 Organizer\u00f3w:<\/b> Wybierz nasze dedykowane pude\u0142ko zbiorcze, dost\u0119pne w wersjach mieszcz\u0105cych 3 lub 5 organizer\u00f3w gracza.<\/p>\n<\/li>\n<li>\n<p data-path-to-node=\"12,1,0\">\ud83d\udcda <b data-path-to-node=\"12,1,0\" data-index-in-node=\"3\">Wygodne Uk\u0142adanie na P\u00f3\u0142ce:<\/b> Koniec z chaosem. Pude\u0142ko pozwala na estetyczne i wygodne u\u0142o\u017cenie organizer\u00f3w na p\u00f3\u0142ce, gotowych na kolejne polowanie.<\/p>\n<\/li>\n<\/ul>\n<p data-path-to-node=\"13\"><b data-path-to-node=\"13\" data-index-in-node=\"0\">\u2139\ufe0f Wa\u017cne Informacje:<\/b><\/p>\n<ul data-path-to-node=\"14\">\n<li>\n<p data-path-to-node=\"14,0,0\">\ud83d\udeab Karty do gry, figurki, \u017cetony i plansze wied\u017amina pokazane na zdj\u0119ciach s\u0142u\u017c\u0105 wy\u0142\u0105cznie celom prezentacyjnym i <b data-path-to-node=\"14,0,0\" data-index-in-node=\"114\">nie s\u0105 do\u0142\u0105czone<\/b> do sprzeda\u017cy.<\/p>\n<\/li>\n<li>\n<p data-path-to-node=\"14,1,0\">Jest to fanowskie, nieoficjalne akcesorium zaprojektowane, aby ulepszy\u0107 Twoje wra\u017cenia z gry.<\/p>\n<\/li>\n<li>Dowiedz si\u0119 wi\u0119cej o grze :\u00a0 <a href=\"https:\/\/boardgamegeek.com\/boardgame\/331106\/the-witcher-old-world\">https:\/\/boardgamegeek.com\/boardgame\/331106\/the-witcher-old-world<\/a><\/li>\n<\/ul>\n<h6><\/h6>","protected":false},"excerpt":{"rendered":"<p>Wied\u017amin: Stary \u015awiat &#8211; Premium Organizer Gracza Zanurz si\u0119 w mrocznym i brutalnym \u015bwiecie Kontynentu dzi\u0119ki naszemu customowemu organizerowi gracza do gry Wied\u017amin: Stary \u015awiat. Koniec z ba\u0142aganem na planszy bohatera! Nasz organizer usprawnia rozgrywk\u0119. \ud83d\udee1\ufe0f G\u0142\u00f3wne Cechy Organizera: \u2694\ufe0f Wysokie Ranty na Talie: Solidne, wysokie kraw\u0119dzie utrzymuj\u0105 Twoje talie zdolno\u015bci na miejscu, zapobiegaj\u0105c przypadkowemu [&#8230;]","protected":false},"featured_media":7130,"comment_status":"open","ping_status":"closed","template":"","meta":{"_acf_changed":false},"product_brand":[],"product_cat":[70,163],"product_tag":[435,442,441,436,443,433,434,438,440,437,439,432,431,444],"class_list":{"0":"post-7122","1":"product","2":"type-product","3":"status-publish","4":"has-post-thumbnail","6":"product_cat-akcesoria-do-gier","7":"product_cat-organizery-plansz","8":"product_tag-akcesoria-do-gier","9":"product_tag-dashboard-gracza","10":"product_tag-druk-3d-gry","11":"product_tag-insert-do-gry","12":"product_tag-organizacja-gry","13":"product_tag-organizer-do-gry","14":"product_tag-planszetka-gracza","15":"product_tag-pojemnik-na-zetony","16":"product_tag-prezent-dla-gracza","17":"product_tag-uchwyt-na-karty","18":"product_tag-wiedzmin-akcesoria","19":"product_tag-wiedzmin-gra-planszowa","20":"product_tag-wiedzmin-stary-swiat","21":"product_tag-witcher","23":"first","24":"instock","25":"shipping-taxable","26":"purchasable","27":"product-type-variable","28":"has-default-attributes"},"acf":[],"yoast_head":"<!-- This site is optimized with the Yoast SEO plugin v24.8.1 - https:\/\/yoast.com\/wordpress\/plugins\/seo\/ -->\n<title>Wied\u017amin: Stary \u015awiat - Premium Organizer Gracza - PrintYourFun<\/title>\n<meta name=\"description\" content=\"Premium organizer karty bohatera do Wiedzmin Stary \u015bwiat. karty i znaczniki w idealnym porz\u0105dku. Wytrzyma\u0142a premium konstrukcja.\" \/>\n<meta name=\"robots\" content=\"index, follow, max-snippet:-1, max-image-preview:large, max-video-preview:-1\" \/>\n<link rel=\"canonical\" href=\"https:\/\/printyourfun.eu\/en\/product\/wiedzmin-stary-swiat-organizer-gracza\/\" \/>\n<meta property=\"og:locale\" content=\"en_GB\" \/>\n<meta property=\"og:type\" content=\"article\" \/>\n<meta property=\"og:title\" content=\"Wied\u017amin: Stary \u015awiat - Premium Organizer Gracza - PrintYourFun\" \/>\n<meta property=\"og:description\" content=\"Premium organizer karty bohatera do Wiedzmin Stary \u015bwiat. karty i znaczniki w idealnym porz\u0105dku. Wytrzyma\u0142a premium konstrukcja.\" \/>\n<meta property=\"og:url\" content=\"https:\/\/printyourfun.eu\/en\/product\/wiedzmin-stary-swiat-organizer-gracza\/\" \/>\n<meta property=\"og:site_name\" content=\"PrintYourFun\" \/>\n<meta property=\"article:publisher\" content=\"https:\/\/www.facebook.com\/Printyourfun\/\" \/>\n<meta property=\"article:modified_time\" content=\"2026-04-01T08:09:15+00:00\" \/>\n<meta property=\"og:image\" content=\"https:\/\/printyourfun.eu\/wp-content\/uploads\/2026\/04\/Main-kopia.jpg\" \/>\n\t<meta property=\"og:image:width\" content=\"2000\" \/>\n\t<meta property=\"og:image:height\" content=\"2000\" \/>\n\t<meta property=\"og:image:type\" content=\"image\/jpeg\" \/>\n<meta name=\"twitter:card\" content=\"summary_large_image\" \/>\n<meta name=\"twitter:label1\" content=\"Estimated reading time\" \/>\n\t<meta name=\"twitter:data1\" content=\"3 minutes\" \/>\n<script type=\"application\/ld+json\" class=\"yoast-schema-graph\">{\"@context\":\"https:\/\/schema.org\",\"@graph\":[{\"@type\":\"WebPage\",\"@id\":\"https:\/\/printyourfun.eu\/product\/wiedzmin-stary-swiat-organizer-gracza\/\",\"url\":\"https:\/\/printyourfun.eu\/product\/wiedzmin-stary-swiat-organizer-gracza\/\",\"name\":\"Wied\u017amin: Stary \u015awiat - Premium Organizer Gracza - PrintYourFun\",\"isPartOf\":{\"@id\":\"https:\/\/printyourfun.eu\/#website\"},\"primaryImageOfPage\":{\"@id\":\"https:\/\/printyourfun.eu\/product\/wiedzmin-stary-swiat-organizer-gracza\/#primaryimage\"},\"image\":{\"@id\":\"https:\/\/printyourfun.eu\/product\/wiedzmin-stary-swiat-organizer-gracza\/#primaryimage\"},\"thumbnailUrl\":\"https:\/\/printyourfun.eu\/wp-content\/uploads\/2026\/04\/Main-kopia.jpg\",\"datePublished\":\"2026-04-01T07:35:33+00:00\",\"dateModified\":\"2026-04-01T08:09:15+00:00\",\"description\":\"Premium organizer karty bohatera do Wiedzmin Stary \u015bwiat. karty i znaczniki w idealnym porz\u0105dku. Wytrzyma\u0142a premium konstrukcja.\",\"breadcrumb\":{\"@id\":\"https:\/\/printyourfun.eu\/product\/wiedzmin-stary-swiat-organizer-gracza\/#breadcrumb\"},\"inLanguage\":\"en-GB\",\"potentialAction\":[{\"@type\":\"ReadAction\",\"target\":[\"https:\/\/printyourfun.eu\/product\/wiedzmin-stary-swiat-organizer-gracza\/\"]}]},{\"@type\":\"ImageObject\",\"inLanguage\":\"en-GB\",\"@id\":\"https:\/\/printyourfun.eu\/product\/wiedzmin-stary-swiat-organizer-gracza\/#primaryimage\",\"url\":\"https:\/\/printyourfun.eu\/wp-content\/uploads\/2026\/04\/Main-kopia.jpg\",\"contentUrl\":\"https:\/\/printyourfun.eu\/wp-content\/uploads\/2026\/04\/Main-kopia.jpg\",\"width\":2000,\"height\":2000},{\"@type\":\"BreadcrumbList\",\"@id\":\"https:\/\/printyourfun.eu\/product\/wiedzmin-stary-swiat-organizer-gracza\/#breadcrumb\",\"itemListElement\":[{\"@type\":\"ListItem\",\"position\":1,\"name\":\"Home\",\"item\":\"https:\/\/printyourfun.eu\/\"},{\"@type\":\"ListItem\",\"position\":2,\"name\":\"Sklep\",\"item\":\"https:\/\/printyourfun.eu\/sklep\/\"},{\"@type\":\"ListItem\",\"position\":3,\"name\":\"Wied\u017amin: Stary \u015awiat &#8211; Premium Organizer Gracza\"}]},{\"@type\":\"WebSite\",\"@id\":\"https:\/\/printyourfun.eu\/#website\",\"url\":\"https:\/\/printyourfun.eu\/\",\"name\":\"PrintYourFun\",\"description\":\"Wydruki 3D\",\"potentialAction\":[{\"@type\":\"SearchAction\",\"target\":{\"@type\":\"EntryPoint\",\"urlTemplate\":\"https:\/\/printyourfun.eu\/?s={search_term_string}\"},\"query-input\":{\"@type\":\"PropertyValueSpecification\",\"valueRequired\":true,\"valueName\":\"search_term_string\"}}],\"inLanguage\":\"en-GB\"}]}<\/script>\n<!-- \/ Yoast SEO plugin. -->","yoast_head_json":{"title":"Wied\u017amin: Stary \u015awiat - Premium Organizer Gracza - PrintYourFun","description":"Premium organizer karty bohatera do Wiedzmin Stary \u015bwiat. karty i znaczniki w idealnym porz\u0105dku. Wytrzyma\u0142a premium konstrukcja.","robots":{"index":"index","follow":"follow","max-snippet":"max-snippet:-1","max-image-preview":"max-image-preview:large","max-video-preview":"max-video-preview:-1"},"canonical":"https:\/\/printyourfun.eu\/en\/product\/wiedzmin-stary-swiat-organizer-gracza\/","og_locale":"en_GB","og_type":"article","og_title":"Wied\u017amin: Stary \u015awiat - Premium Organizer Gracza - PrintYourFun","og_description":"Premium organizer karty bohatera do Wiedzmin Stary \u015bwiat. karty i znaczniki w idealnym porz\u0105dku. Wytrzyma\u0142a premium konstrukcja.","og_url":"https:\/\/printyourfun.eu\/en\/product\/wiedzmin-stary-swiat-organizer-gracza\/","og_site_name":"PrintYourFun","article_publisher":"https:\/\/www.facebook.com\/Printyourfun\/","article_modified_time":"2026-04-01T08:09:15+00:00","og_image":[{"width":2000,"height":2000,"url":"https:\/\/printyourfun.eu\/wp-content\/uploads\/2026\/04\/Main-kopia.jpg","type":"image\/jpeg"}],"twitter_card":"summary_large_image","twitter_misc":{"Estimated reading time":"3 minutes"},"schema":{"@context":"https:\/\/schema.org","@graph":[{"@type":"WebPage","@id":"https:\/\/printyourfun.eu\/product\/wiedzmin-stary-swiat-organizer-gracza\/","url":"https:\/\/printyourfun.eu\/product\/wiedzmin-stary-swiat-organizer-gracza\/","name":"Wied\u017amin: Stary \u015awiat - Premium Organizer Gracza - PrintYourFun","isPartOf":{"@id":"https:\/\/printyourfun.eu\/#website"},"primaryImageOfPage":{"@id":"https:\/\/printyourfun.eu\/product\/wiedzmin-stary-swiat-organizer-gracza\/#primaryimage"},"image":{"@id":"https:\/\/printyourfun.eu\/product\/wiedzmin-stary-swiat-organizer-gracza\/#primaryimage"},"thumbnailUrl":"https:\/\/printyourfun.eu\/wp-content\/uploads\/2026\/04\/Main-kopia.jpg","datePublished":"2026-04-01T07:35:33+00:00","dateModified":"2026-04-01T08:09:15+00:00","description":"Premium organizer karty bohatera do Wiedzmin Stary \u015bwiat. karty i znaczniki w idealnym porz\u0105dku. Wytrzyma\u0142a premium konstrukcja.","breadcrumb":{"@id":"https:\/\/printyourfun.eu\/product\/wiedzmin-stary-swiat-organizer-gracza\/#breadcrumb"},"inLanguage":"en-GB","potentialAction":[{"@type":"ReadAction","target":["https:\/\/printyourfun.eu\/product\/wiedzmin-stary-swiat-organizer-gracza\/"]}]},{"@type":"ImageObject","inLanguage":"en-GB","@id":"https:\/\/printyourfun.eu\/product\/wiedzmin-stary-swiat-organizer-gracza\/#primaryimage","url":"https:\/\/printyourfun.eu\/wp-content\/uploads\/2026\/04\/Main-kopia.jpg","contentUrl":"https:\/\/printyourfun.eu\/wp-content\/uploads\/2026\/04\/Main-kopia.jpg","width":2000,"height":2000},{"@type":"BreadcrumbList","@id":"https:\/\/printyourfun.eu\/product\/wiedzmin-stary-swiat-organizer-gracza\/#breadcrumb","itemListElement":[{"@type":"ListItem","position":1,"name":"Home","item":"https:\/\/printyourfun.eu\/"},{"@type":"ListItem","position":2,"name":"Sklep","item":"https:\/\/printyourfun.eu\/sklep\/"},{"@type":"ListItem","position":3,"name":"Wied\u017amin: Stary \u015awiat &#8211; Premium Organizer Gracza"}]},{"@type":"WebSite","@id":"https:\/\/printyourfun.eu\/#website","url":"https:\/\/printyourfun.eu\/","name":"PrintYourFun","description":"Wydruki 3D","potentialAction":[{"@type":"SearchAction","target":{"@type":"EntryPoint","urlTemplate":"https:\/\/printyourfun.eu\/?s={search_term_string}"},"query-input":{"@type":"PropertyValueSpecification","valueRequired":true,"valueName":"search_term_string"}}],"inLanguage":"en-GB"}]}},"_links":{"self":[{"href":"https:\/\/printyourfun.eu\/en\/wp-json\/wp\/v2\/product\/7122","targetHints":{"allow":["GET"]}}],"collection":[{"href":"https:\/\/printyourfun.eu\/en\/wp-json\/wp\/v2\/product"}],"about":[{"href":"https:\/\/printyourfun.eu\/en\/wp-json\/wp\/v2\/types\/product"}],"replies":[{"embeddable":true,"href":"https:\/\/printyourfun.eu\/en\/wp-json\/wp\/v2\/comments?post=7122"}],"wp:featuredmedia":[{"embeddable":true,"href":"https:\/\/printyourfun.eu\/en\/wp-json\/wp\/v2\/media\/7130"}],"wp:attachment":[{"href":"https:\/\/printyourfun.eu\/en\/wp-json\/wp\/v2\/media?parent=7122"}],"wp:term":[{"taxonomy":"product_brand","embeddable":true,"href":"https:\/\/printyourfun.eu\/en\/wp-json\/wp\/v2\/product_brand?post=7122"},{"taxonomy":"product_cat","embeddable":true,"href":"https:\/\/printyourfun.eu\/en\/wp-json\/wp\/v2\/product_cat?post=7122"},{"taxonomy":"product_tag","embeddable":true,"href":"https:\/\/printyourfun.eu\/en\/wp-json\/wp\/v2\/product_tag?post=7122"}],"curies":[{"name":"wp","href":"https:\/\/api.w.org\/{rel}","templated":true}]}}