{"id":7144,"date":"2026-04-01T10:16:17","date_gmt":"2026-04-01T08:16:17","guid":{"rendered":"https:\/\/printyourfun.eu\/?post_type=product&#038;p=7144"},"modified":"2026-04-01T10:22:01","modified_gmt":"2026-04-01T08:22:01","slug":"wiedzmin-stary-swiat-premium-pudelko","status":"publish","type":"product","link":"https:\/\/printyourfun.eu\/en\/product\/wiedzmin-stary-swiat-premium-pudelko\/","title":{"rendered":"Wied\u017amin: Stary \u015awiat &#8211; Pude\u0142ko na Organizer Gracza"},"content":{"rendered":"<p style=\"text-align: left;\"><span style=\"color: #c66a26; font-size: 110%; border-left: 10px solid #c66a26; padding-left: 15px;\"><strong>Wied\u017amin: Stary \u015awiat &#8211; Pude\u0142ko na Organizer Gracza <\/strong><\/span><\/p>\n<p data-path-to-node=\"11\"><b data-path-to-node=\"11\" data-index-in-node=\"0\">\ud83d\udce6 Dodatek Pude\u0142ko Zbiorcze do Przechowywania<\/b><\/p>\n<ul data-path-to-node=\"12\">\n<li>\n<p data-path-to-node=\"12,0,0\">\u2705 <b data-path-to-node=\"12,0,0\" data-index-in-node=\"2\">Wersja na 3 lub 5 Organizer\u00f3w:<\/b> Wybierz nasze dedykowane pude\u0142ko zbiorcze, dost\u0119pne w wersjach mieszcz\u0105cych 3 lub 5 organizer\u00f3w gracza.<\/p>\n<\/li>\n<li>\n<p data-path-to-node=\"12,1,0\">\ud83d\udcda <b data-path-to-node=\"12,1,0\" data-index-in-node=\"3\">Wygodne Uk\u0142adanie na P\u00f3\u0142ce:<\/b> Koniec z chaosem. Pude\u0142ko pozwala na estetyczne i wygodne u\u0142o\u017cenie organizer\u00f3w na p\u00f3\u0142ce, gotowych na kolejne polowanie.<\/p>\n<\/li>\n<li>Wykonane z Czarnego HDF<\/li>\n<\/ul>\n<p data-path-to-node=\"13\"><b data-path-to-node=\"13\" data-index-in-node=\"0\">\u2139\ufe0f Wa\u017cne Informacje:<\/b><\/p>\n<ul data-path-to-node=\"14\">\n<li>\n<p data-path-to-node=\"14,1,0\">Jest to fanowskie, nieoficjalne akcesorium zaprojektowane, aby ulepszy\u0107 Twoje wra\u017cenia z gry.<\/p>\n<\/li>\n<li>Dowiedz si\u0119 wi\u0119cej o grze :\u00a0 <a href=\"https:\/\/boardgamegeek.com\/boardgame\/331106\/the-witcher-old-world\">https:\/\/boardgamegeek.com\/boardgame\/331106\/the-witcher-old-world<\/a><\/li>\n<\/ul>\n<h6><\/h6>","protected":false},"excerpt":{"rendered":"<p>Wied\u017amin: Stary \u015awiat &#8211; Pude\u0142ko na Organizer Gracza \ud83d\udce6 Dodatek Pude\u0142ko Zbiorcze do Przechowywania \u2705 Wersja na 3 lub 5 Organizer\u00f3w: Wybierz nasze dedykowane pude\u0142ko zbiorcze, dost\u0119pne w wersjach mieszcz\u0105cych 3 lub 5 organizer\u00f3w gracza. \ud83d\udcda Wygodne Uk\u0142adanie na P\u00f3\u0142ce: Koniec z chaosem. Pude\u0142ko pozwala na estetyczne i wygodne u\u0142o\u017cenie organizer\u00f3w na p\u00f3\u0142ce, gotowych na [&#8230;]","protected":false},"featured_media":7137,"comment_status":"open","ping_status":"closed","template":"","meta":{"_acf_changed":false},"product_brand":[],"product_cat":[70,163],"product_tag":[435,442,441,436,443,433,434,438,440,437,439,432,431,444],"class_list":{"0":"post-7144","1":"product","2":"type-product","3":"status-publish","4":"has-post-thumbnail","6":"product_cat-akcesoria-do-gier","7":"product_cat-organizery-plansz","8":"product_tag-akcesoria-do-gier","9":"product_tag-dashboard-gracza","10":"product_tag-druk-3d-gry","11":"product_tag-insert-do-gry","12":"product_tag-organizacja-gry","13":"product_tag-organizer-do-gry","14":"product_tag-planszetka-gracza","15":"product_tag-pojemnik-na-zetony","16":"product_tag-prezent-dla-gracza","17":"product_tag-uchwyt-na-karty","18":"product_tag-wiedzmin-akcesoria","19":"product_tag-wiedzmin-gra-planszowa","20":"product_tag-wiedzmin-stary-swiat","21":"product_tag-witcher","23":"first","24":"instock","25":"shipping-taxable","26":"purchasable","27":"product-type-variable"},"acf":[],"yoast_head":"<!-- This site is optimized with the Yoast SEO plugin v24.8.1 - https:\/\/yoast.com\/wordpress\/plugins\/seo\/ -->\n<title>Wied\u017amin: Stary \u015awiat - Pude\u0142ko na Organizer Gracza - PrintYourFun<\/title>\n<meta name=\"description\" content=\"Wiedzmin Stary \u015bwiat. Wied\u017amin: Stary \u015awiat - Pude\u0142ko na Organizer Gracza. Wykonany z HDF aby wygodnie przechowywa\u0107 organizery\" \/>\n<meta name=\"robots\" content=\"index, follow, max-snippet:-1, max-image-preview:large, max-video-preview:-1\" \/>\n<link rel=\"canonical\" href=\"https:\/\/printyourfun.eu\/en\/product\/wiedzmin-stary-swiat-premium-pudelko\/\" \/>\n<meta property=\"og:locale\" content=\"en_GB\" \/>\n<meta property=\"og:type\" content=\"article\" \/>\n<meta property=\"og:title\" content=\"Wied\u017amin: Stary \u015awiat - Pude\u0142ko na Organizer Gracza - PrintYourFun\" \/>\n<meta property=\"og:description\" content=\"Wiedzmin Stary \u015bwiat. Wied\u017amin: Stary \u015awiat - Pude\u0142ko na Organizer Gracza. Wykonany z HDF aby wygodnie przechowywa\u0107 organizery\" \/>\n<meta property=\"og:url\" content=\"https:\/\/printyourfun.eu\/en\/product\/wiedzmin-stary-swiat-premium-pudelko\/\" \/>\n<meta property=\"og:site_name\" content=\"PrintYourFun\" \/>\n<meta property=\"article:publisher\" content=\"https:\/\/www.facebook.com\/Printyourfun\/\" \/>\n<meta property=\"article:modified_time\" content=\"2026-04-01T08:22:01+00:00\" \/>\n<meta property=\"og:image\" content=\"https:\/\/printyourfun.eu\/wp-content\/uploads\/2026\/04\/DSC02820-kopia.jpg\" \/>\n\t<meta property=\"og:image:width\" content=\"2000\" \/>\n\t<meta property=\"og:image:height\" content=\"2000\" \/>\n\t<meta property=\"og:image:type\" content=\"image\/jpeg\" \/>\n<meta name=\"twitter:card\" content=\"summary_large_image\" \/>\n<meta name=\"twitter:label1\" content=\"Estimated reading time\" \/>\n\t<meta name=\"twitter:data1\" content=\"1 minute\" \/>\n<script type=\"application\/ld+json\" class=\"yoast-schema-graph\">{\"@context\":\"https:\/\/schema.org\",\"@graph\":[{\"@type\":\"WebPage\",\"@id\":\"https:\/\/printyourfun.eu\/product\/wiedzmin-stary-swiat-premium-pudelko\/\",\"url\":\"https:\/\/printyourfun.eu\/product\/wiedzmin-stary-swiat-premium-pudelko\/\",\"name\":\"Wied\u017amin: Stary \u015awiat - Pude\u0142ko na Organizer Gracza - PrintYourFun\",\"isPartOf\":{\"@id\":\"https:\/\/printyourfun.eu\/#website\"},\"primaryImageOfPage\":{\"@id\":\"https:\/\/printyourfun.eu\/product\/wiedzmin-stary-swiat-premium-pudelko\/#primaryimage\"},\"image\":{\"@id\":\"https:\/\/printyourfun.eu\/product\/wiedzmin-stary-swiat-premium-pudelko\/#primaryimage\"},\"thumbnailUrl\":\"https:\/\/printyourfun.eu\/wp-content\/uploads\/2026\/04\/DSC02820-kopia.jpg\",\"datePublished\":\"2026-04-01T08:16:17+00:00\",\"dateModified\":\"2026-04-01T08:22:01+00:00\",\"description\":\"Wiedzmin Stary \u015bwiat. Wied\u017amin: Stary \u015awiat - Pude\u0142ko na Organizer Gracza. Wykonany z HDF aby wygodnie przechowywa\u0107 organizery\",\"breadcrumb\":{\"@id\":\"https:\/\/printyourfun.eu\/product\/wiedzmin-stary-swiat-premium-pudelko\/#breadcrumb\"},\"inLanguage\":\"en-GB\",\"potentialAction\":[{\"@type\":\"ReadAction\",\"target\":[\"https:\/\/printyourfun.eu\/product\/wiedzmin-stary-swiat-premium-pudelko\/\"]}]},{\"@type\":\"ImageObject\",\"inLanguage\":\"en-GB\",\"@id\":\"https:\/\/printyourfun.eu\/product\/wiedzmin-stary-swiat-premium-pudelko\/#primaryimage\",\"url\":\"https:\/\/printyourfun.eu\/wp-content\/uploads\/2026\/04\/DSC02820-kopia.jpg\",\"contentUrl\":\"https:\/\/printyourfun.eu\/wp-content\/uploads\/2026\/04\/DSC02820-kopia.jpg\",\"width\":2000,\"height\":2000},{\"@type\":\"BreadcrumbList\",\"@id\":\"https:\/\/printyourfun.eu\/product\/wiedzmin-stary-swiat-premium-pudelko\/#breadcrumb\",\"itemListElement\":[{\"@type\":\"ListItem\",\"position\":1,\"name\":\"Home\",\"item\":\"https:\/\/printyourfun.eu\/\"},{\"@type\":\"ListItem\",\"position\":2,\"name\":\"Sklep\",\"item\":\"https:\/\/printyourfun.eu\/sklep\/\"},{\"@type\":\"ListItem\",\"position\":3,\"name\":\"Wied\u017amin: Stary \u015awiat &#8211; Pude\u0142ko na Organizer Gracza\"}]},{\"@type\":\"WebSite\",\"@id\":\"https:\/\/printyourfun.eu\/#website\",\"url\":\"https:\/\/printyourfun.eu\/\",\"name\":\"PrintYourFun\",\"description\":\"Wydruki 3D\",\"potentialAction\":[{\"@type\":\"SearchAction\",\"target\":{\"@type\":\"EntryPoint\",\"urlTemplate\":\"https:\/\/printyourfun.eu\/?s={search_term_string}\"},\"query-input\":{\"@type\":\"PropertyValueSpecification\",\"valueRequired\":true,\"valueName\":\"search_term_string\"}}],\"inLanguage\":\"en-GB\"}]}<\/script>\n<!-- \/ Yoast SEO plugin. -->","yoast_head_json":{"title":"Wied\u017amin: Stary \u015awiat - Pude\u0142ko na Organizer Gracza - PrintYourFun","description":"Wiedzmin Stary \u015bwiat. Wied\u017amin: Stary \u015awiat - Pude\u0142ko na Organizer Gracza. Wykonany z HDF aby wygodnie przechowywa\u0107 organizery","robots":{"index":"index","follow":"follow","max-snippet":"max-snippet:-1","max-image-preview":"max-image-preview:large","max-video-preview":"max-video-preview:-1"},"canonical":"https:\/\/printyourfun.eu\/en\/product\/wiedzmin-stary-swiat-premium-pudelko\/","og_locale":"en_GB","og_type":"article","og_title":"Wied\u017amin: Stary \u015awiat - Pude\u0142ko na Organizer Gracza - PrintYourFun","og_description":"Wiedzmin Stary \u015bwiat. Wied\u017amin: Stary \u015awiat - Pude\u0142ko na Organizer Gracza. Wykonany z HDF aby wygodnie przechowywa\u0107 organizery","og_url":"https:\/\/printyourfun.eu\/en\/product\/wiedzmin-stary-swiat-premium-pudelko\/","og_site_name":"PrintYourFun","article_publisher":"https:\/\/www.facebook.com\/Printyourfun\/","article_modified_time":"2026-04-01T08:22:01+00:00","og_image":[{"width":2000,"height":2000,"url":"https:\/\/printyourfun.eu\/wp-content\/uploads\/2026\/04\/DSC02820-kopia.jpg","type":"image\/jpeg"}],"twitter_card":"summary_large_image","twitter_misc":{"Estimated reading time":"1 minute"},"schema":{"@context":"https:\/\/schema.org","@graph":[{"@type":"WebPage","@id":"https:\/\/printyourfun.eu\/product\/wiedzmin-stary-swiat-premium-pudelko\/","url":"https:\/\/printyourfun.eu\/product\/wiedzmin-stary-swiat-premium-pudelko\/","name":"Wied\u017amin: Stary \u015awiat - Pude\u0142ko na Organizer Gracza - PrintYourFun","isPartOf":{"@id":"https:\/\/printyourfun.eu\/#website"},"primaryImageOfPage":{"@id":"https:\/\/printyourfun.eu\/product\/wiedzmin-stary-swiat-premium-pudelko\/#primaryimage"},"image":{"@id":"https:\/\/printyourfun.eu\/product\/wiedzmin-stary-swiat-premium-pudelko\/#primaryimage"},"thumbnailUrl":"https:\/\/printyourfun.eu\/wp-content\/uploads\/2026\/04\/DSC02820-kopia.jpg","datePublished":"2026-04-01T08:16:17+00:00","dateModified":"2026-04-01T08:22:01+00:00","description":"Wiedzmin Stary \u015bwiat. Wied\u017amin: Stary \u015awiat - Pude\u0142ko na Organizer Gracza. Wykonany z HDF aby wygodnie przechowywa\u0107 organizery","breadcrumb":{"@id":"https:\/\/printyourfun.eu\/product\/wiedzmin-stary-swiat-premium-pudelko\/#breadcrumb"},"inLanguage":"en-GB","potentialAction":[{"@type":"ReadAction","target":["https:\/\/printyourfun.eu\/product\/wiedzmin-stary-swiat-premium-pudelko\/"]}]},{"@type":"ImageObject","inLanguage":"en-GB","@id":"https:\/\/printyourfun.eu\/product\/wiedzmin-stary-swiat-premium-pudelko\/#primaryimage","url":"https:\/\/printyourfun.eu\/wp-content\/uploads\/2026\/04\/DSC02820-kopia.jpg","contentUrl":"https:\/\/printyourfun.eu\/wp-content\/uploads\/2026\/04\/DSC02820-kopia.jpg","width":2000,"height":2000},{"@type":"BreadcrumbList","@id":"https:\/\/printyourfun.eu\/product\/wiedzmin-stary-swiat-premium-pudelko\/#breadcrumb","itemListElement":[{"@type":"ListItem","position":1,"name":"Home","item":"https:\/\/printyourfun.eu\/"},{"@type":"ListItem","position":2,"name":"Sklep","item":"https:\/\/printyourfun.eu\/sklep\/"},{"@type":"ListItem","position":3,"name":"Wied\u017amin: Stary \u015awiat &#8211; Pude\u0142ko na Organizer Gracza"}]},{"@type":"WebSite","@id":"https:\/\/printyourfun.eu\/#website","url":"https:\/\/printyourfun.eu\/","name":"PrintYourFun","description":"Wydruki 3D","potentialAction":[{"@type":"SearchAction","target":{"@type":"EntryPoint","urlTemplate":"https:\/\/printyourfun.eu\/?s={search_term_string}"},"query-input":{"@type":"PropertyValueSpecification","valueRequired":true,"valueName":"search_term_string"}}],"inLanguage":"en-GB"}]}},"_links":{"self":[{"href":"https:\/\/printyourfun.eu\/en\/wp-json\/wp\/v2\/product\/7144","targetHints":{"allow":["GET"]}}],"collection":[{"href":"https:\/\/printyourfun.eu\/en\/wp-json\/wp\/v2\/product"}],"about":[{"href":"https:\/\/printyourfun.eu\/en\/wp-json\/wp\/v2\/types\/product"}],"replies":[{"embeddable":true,"href":"https:\/\/printyourfun.eu\/en\/wp-json\/wp\/v2\/comments?post=7144"}],"wp:featuredmedia":[{"embeddable":true,"href":"https:\/\/printyourfun.eu\/en\/wp-json\/wp\/v2\/media\/7137"}],"wp:attachment":[{"href":"https:\/\/printyourfun.eu\/en\/wp-json\/wp\/v2\/media?parent=7144"}],"wp:term":[{"taxonomy":"product_brand","embeddable":true,"href":"https:\/\/printyourfun.eu\/en\/wp-json\/wp\/v2\/product_brand?post=7144"},{"taxonomy":"product_cat","embeddable":true,"href":"https:\/\/printyourfun.eu\/en\/wp-json\/wp\/v2\/product_cat?post=7144"},{"taxonomy":"product_tag","embeddable":true,"href":"https:\/\/printyourfun.eu\/en\/wp-json\/wp\/v2\/product_tag?post=7144"}],"curies":[{"name":"wp","href":"https:\/\/api.w.org\/{rel}","templated":true}]}}