{"id":869,"date":"2021-11-12T15:47:22","date_gmt":"2021-11-12T14:47:22","guid":{"rendered":"https:\/\/printyourfun.eu\/?post_type=product&#038;p=869"},"modified":"2025-02-27T12:01:08","modified_gmt":"2025-02-27T11:01:08","slug":"organizer-wsiasc-do-pociagu-europa","status":"publish","type":"product","link":"https:\/\/printyourfun.eu\/en\/product\/organizer-wsiasc-do-pociagu-europa\/","title":{"rendered":"Organizer Wsi\u0105\u015b\u0107 do poci\u0105gu Europa"},"content":{"rendered":"<p style=\"text-align: left;\"><span style=\"color: #c66a26; font-size: 110%; border-left: 10px solid #c66a26; padding-left: 15px;\"><strong>Organizer kart na st\u00f3\u0142 do gry Wsi\u0105\u015b\u0107 do poci\u0105gu Europa<\/strong><\/span><\/p>\n<p>Nie lubisz chaosu na stole, z naszym organizerem ka\u017cda karta b\u0119dzie zawsze na swoim miejscu \ud83d\ude42<\/p>\n<p style=\"text-align: left;\"><span style=\"font-size: 14.4px;\">Idealnie pasuje na karty w koszulkach i bez.\u00a0<\/span><\/p>\n<p style=\"text-align: left;\">Rozmiar kart maksymalnie 6&#215;9 cm. wielko\u015b\u0107 kom\u00f3r\u00a0 9,2cm x 6,2 cm. Pasuj\u0105 koszulki Premium.<\/p>\n<p style=\"text-align: left;\">Wysoko\u015b\u0107 komory na karty to 52mm. Organizer mie\u015bci si\u0119 do pude\u0142ka z gr\u0105.<\/p>\n<p><span style=\"font-size: 14.4px;\"><img loading=\"lazy\" decoding=\"async\" class=\"aligncenter wp-image-1012 size-medium\" style=\"font-size: 14.4px;\" src=\"https:\/\/printyourfun.eu\/wp-content\/uploads\/2021\/11\/DSC_8032-1-565x400.jpg\" alt=\"\" width=\"565\" height=\"400\" srcset=\"https:\/\/printyourfun.eu\/wp-content\/uploads\/2021\/11\/DSC_8032-1-565x400.jpg 565w, https:\/\/printyourfun.eu\/wp-content\/uploads\/2021\/11\/DSC_8032-1-1131x800.jpg 1131w, https:\/\/printyourfun.eu\/wp-content\/uploads\/2021\/11\/DSC_8032-1-768x543.jpg 768w, https:\/\/printyourfun.eu\/wp-content\/uploads\/2021\/11\/DSC_8032-1-1536x1087.jpg 1536w, https:\/\/printyourfun.eu\/wp-content\/uploads\/2021\/11\/DSC_8032-1-18x12.jpg 18w, https:\/\/printyourfun.eu\/wp-content\/uploads\/2021\/11\/DSC_8032-1-600x425.jpg 600w, https:\/\/printyourfun.eu\/wp-content\/uploads\/2021\/11\/DSC_8032-1.jpg 2000w\" sizes=\"auto, (max-width: 565px) 100vw, 565px\" \/><\/span><\/p>\n<p><span style=\"font-size: 80%;\"><b>THE PRODUCT DOES NOT CONTAIN A BOARD GAME AND ITS COMPONENTS<\/b><\/span><\/p>\n<p><span style=\"font-size: 80%;\"><strong>Wykonany w technologii druku 3D.<\/strong><br \/>\n<strong>Materia\u0142:<\/strong> PLA, Wytrzyma\u0142y i solidny.<\/span><\/p>\n<h6><\/h6>","protected":false},"excerpt":{"rendered":"<p>Organizer kart na st\u00f3\u0142 do gry Wsi\u0105\u015b\u0107 do poci\u0105gu Europa Nie lubisz chaosu na stole, z naszym organizerem ka\u017cda karta b\u0119dzie zawsze na swoim miejscu \ud83d\ude42 Idealnie pasuje na karty w koszulkach i bez.\u00a0 Rozmiar kart maksymalnie 6&#215;9 cm. wielko\u015b\u0107 kom\u00f3r\u00a0 9,2cm x 6,2 cm. Pasuj\u0105 koszulki Premium. Wysoko\u015b\u0107 komory na karty to 52mm. Organizer [&#8230;]","protected":false},"featured_media":1013,"comment_status":"open","ping_status":"closed","template":"","meta":{"_acf_changed":false},"product_brand":[],"product_cat":[70,77,78],"product_tag":[131,128,127,130,126,129,141,125],"class_list":{"0":"post-869","1":"product","2":"type-product","3":"status-publish","4":"has-post-thumbnail","6":"product_cat-akcesoria-do-gier","7":"product_cat-inserty","8":"product_cat-organizery-na-karty","9":"product_tag-europa","10":"product_tag-insert","11":"product_tag-organizer","12":"product_tag-pociag","13":"product_tag-pociagi","14":"product_tag-ttr","15":"product_tag-wsiasc","16":"product_tag-wsiasc-do-pociagu","18":"first","19":"instock","20":"shipping-taxable","21":"purchasable","22":"product-type-variable"},"acf":[],"yoast_head":"<!-- This site is optimized with the Yoast SEO plugin v24.8.1 - https:\/\/yoast.com\/wordpress\/plugins\/seo\/ -->\n<title>Organizer Wsi\u0105\u015b\u0107 do poci\u0105gu Europa - PrintYourFun<\/title>\n<meta name=\"robots\" content=\"index, follow, max-snippet:-1, max-image-preview:large, max-video-preview:-1\" \/>\n<link rel=\"canonical\" href=\"https:\/\/printyourfun.eu\/en\/product\/organizer-wsiasc-do-pociagu-europa\/\" \/>\n<meta property=\"og:locale\" content=\"en_GB\" \/>\n<meta property=\"og:type\" content=\"article\" \/>\n<meta property=\"og:title\" content=\"Organizer Wsi\u0105\u015b\u0107 do poci\u0105gu Europa - PrintYourFun\" \/>\n<meta property=\"og:description\" content=\"Organizer kart na st\u00f3\u0142 do gry Wsi\u0105\u015b\u0107 do poci\u0105gu Europa Nie lubisz chaosu na stole, z naszym organizerem ka\u017cda karta b\u0119dzie zawsze na swoim miejscu \ud83d\ude42 Idealnie pasuje na karty w koszulkach i bez.\u00a0 Rozmiar kart maksymalnie 6&#215;9 cm. wielko\u015b\u0107 kom\u00f3r\u00a0 9,2cm x 6,2 cm. Pasuj\u0105 koszulki Premium. Wysoko\u015b\u0107 komory na karty to 52mm. Organizer [...]\" \/>\n<meta property=\"og:url\" content=\"https:\/\/printyourfun.eu\/en\/product\/organizer-wsiasc-do-pociagu-europa\/\" \/>\n<meta property=\"og:site_name\" content=\"PrintYourFun\" \/>\n<meta property=\"article:publisher\" content=\"https:\/\/www.facebook.com\/Printyourfun\/\" \/>\n<meta property=\"article:modified_time\" content=\"2025-02-27T11:01:08+00:00\" \/>\n<meta property=\"og:image\" content=\"https:\/\/printyourfun.eu\/wp-content\/uploads\/2021\/11\/DSC_8032-2.jpg\" \/>\n\t<meta property=\"og:image:width\" content=\"2000\" \/>\n\t<meta property=\"og:image:height\" content=\"1415\" \/>\n\t<meta property=\"og:image:type\" content=\"image\/jpeg\" \/>\n<meta name=\"twitter:card\" content=\"summary_large_image\" \/>\n<meta name=\"twitter:label1\" content=\"Estimated reading time\" \/>\n\t<meta name=\"twitter:data1\" content=\"1 minute\" \/>\n<script type=\"application\/ld+json\" class=\"yoast-schema-graph\">{\"@context\":\"https:\/\/schema.org\",\"@graph\":[{\"@type\":\"WebPage\",\"@id\":\"https:\/\/printyourfun.eu\/product\/organizer-wsiasc-do-pociagu-europa\/\",\"url\":\"https:\/\/printyourfun.eu\/product\/organizer-wsiasc-do-pociagu-europa\/\",\"name\":\"Organizer Wsi\u0105\u015b\u0107 do poci\u0105gu Europa - PrintYourFun\",\"isPartOf\":{\"@id\":\"https:\/\/printyourfun.eu\/#website\"},\"primaryImageOfPage\":{\"@id\":\"https:\/\/printyourfun.eu\/product\/organizer-wsiasc-do-pociagu-europa\/#primaryimage\"},\"image\":{\"@id\":\"https:\/\/printyourfun.eu\/product\/organizer-wsiasc-do-pociagu-europa\/#primaryimage\"},\"thumbnailUrl\":\"https:\/\/printyourfun.eu\/wp-content\/uploads\/2021\/11\/DSC_8032-2.jpg\",\"datePublished\":\"2021-11-12T14:47:22+00:00\",\"dateModified\":\"2025-02-27T11:01:08+00:00\",\"breadcrumb\":{\"@id\":\"https:\/\/printyourfun.eu\/product\/organizer-wsiasc-do-pociagu-europa\/#breadcrumb\"},\"inLanguage\":\"en-GB\",\"potentialAction\":[{\"@type\":\"ReadAction\",\"target\":[\"https:\/\/printyourfun.eu\/product\/organizer-wsiasc-do-pociagu-europa\/\"]}]},{\"@type\":\"ImageObject\",\"inLanguage\":\"en-GB\",\"@id\":\"https:\/\/printyourfun.eu\/product\/organizer-wsiasc-do-pociagu-europa\/#primaryimage\",\"url\":\"https:\/\/printyourfun.eu\/wp-content\/uploads\/2021\/11\/DSC_8032-2.jpg\",\"contentUrl\":\"https:\/\/printyourfun.eu\/wp-content\/uploads\/2021\/11\/DSC_8032-2.jpg\",\"width\":2000,\"height\":1415},{\"@type\":\"BreadcrumbList\",\"@id\":\"https:\/\/printyourfun.eu\/product\/organizer-wsiasc-do-pociagu-europa\/#breadcrumb\",\"itemListElement\":[{\"@type\":\"ListItem\",\"position\":1,\"name\":\"Home\",\"item\":\"https:\/\/printyourfun.eu\/\"},{\"@type\":\"ListItem\",\"position\":2,\"name\":\"Sklep\",\"item\":\"https:\/\/printyourfun.eu\/sklep\/\"},{\"@type\":\"ListItem\",\"position\":3,\"name\":\"Organizer Wsi\u0105\u015b\u0107 do poci\u0105gu Europa\"}]},{\"@type\":\"WebSite\",\"@id\":\"https:\/\/printyourfun.eu\/#website\",\"url\":\"https:\/\/printyourfun.eu\/\",\"name\":\"PrintYourFun\",\"description\":\"Wydruki 3D\",\"potentialAction\":[{\"@type\":\"SearchAction\",\"target\":{\"@type\":\"EntryPoint\",\"urlTemplate\":\"https:\/\/printyourfun.eu\/?s={search_term_string}\"},\"query-input\":{\"@type\":\"PropertyValueSpecification\",\"valueRequired\":true,\"valueName\":\"search_term_string\"}}],\"inLanguage\":\"en-GB\"}]}<\/script>\n<!-- \/ Yoast SEO plugin. -->","yoast_head_json":{"title":"Organizer Wsi\u0105\u015b\u0107 do poci\u0105gu Europa - PrintYourFun","robots":{"index":"index","follow":"follow","max-snippet":"max-snippet:-1","max-image-preview":"max-image-preview:large","max-video-preview":"max-video-preview:-1"},"canonical":"https:\/\/printyourfun.eu\/en\/product\/organizer-wsiasc-do-pociagu-europa\/","og_locale":"en_GB","og_type":"article","og_title":"Organizer Wsi\u0105\u015b\u0107 do poci\u0105gu Europa - PrintYourFun","og_description":"Organizer kart na st\u00f3\u0142 do gry Wsi\u0105\u015b\u0107 do poci\u0105gu Europa Nie lubisz chaosu na stole, z naszym organizerem ka\u017cda karta b\u0119dzie zawsze na swoim miejscu \ud83d\ude42 Idealnie pasuje na karty w koszulkach i bez.\u00a0 Rozmiar kart maksymalnie 6&#215;9 cm. wielko\u015b\u0107 kom\u00f3r\u00a0 9,2cm x 6,2 cm. Pasuj\u0105 koszulki Premium. Wysoko\u015b\u0107 komory na karty to 52mm. Organizer [...]","og_url":"https:\/\/printyourfun.eu\/en\/product\/organizer-wsiasc-do-pociagu-europa\/","og_site_name":"PrintYourFun","article_publisher":"https:\/\/www.facebook.com\/Printyourfun\/","article_modified_time":"2025-02-27T11:01:08+00:00","og_image":[{"width":2000,"height":1415,"url":"https:\/\/printyourfun.eu\/wp-content\/uploads\/2021\/11\/DSC_8032-2.jpg","type":"image\/jpeg"}],"twitter_card":"summary_large_image","twitter_misc":{"Estimated reading time":"1 minute"},"schema":{"@context":"https:\/\/schema.org","@graph":[{"@type":"WebPage","@id":"https:\/\/printyourfun.eu\/product\/organizer-wsiasc-do-pociagu-europa\/","url":"https:\/\/printyourfun.eu\/product\/organizer-wsiasc-do-pociagu-europa\/","name":"Organizer Wsi\u0105\u015b\u0107 do poci\u0105gu Europa - PrintYourFun","isPartOf":{"@id":"https:\/\/printyourfun.eu\/#website"},"primaryImageOfPage":{"@id":"https:\/\/printyourfun.eu\/product\/organizer-wsiasc-do-pociagu-europa\/#primaryimage"},"image":{"@id":"https:\/\/printyourfun.eu\/product\/organizer-wsiasc-do-pociagu-europa\/#primaryimage"},"thumbnailUrl":"https:\/\/printyourfun.eu\/wp-content\/uploads\/2021\/11\/DSC_8032-2.jpg","datePublished":"2021-11-12T14:47:22+00:00","dateModified":"2025-02-27T11:01:08+00:00","breadcrumb":{"@id":"https:\/\/printyourfun.eu\/product\/organizer-wsiasc-do-pociagu-europa\/#breadcrumb"},"inLanguage":"en-GB","potentialAction":[{"@type":"ReadAction","target":["https:\/\/printyourfun.eu\/product\/organizer-wsiasc-do-pociagu-europa\/"]}]},{"@type":"ImageObject","inLanguage":"en-GB","@id":"https:\/\/printyourfun.eu\/product\/organizer-wsiasc-do-pociagu-europa\/#primaryimage","url":"https:\/\/printyourfun.eu\/wp-content\/uploads\/2021\/11\/DSC_8032-2.jpg","contentUrl":"https:\/\/printyourfun.eu\/wp-content\/uploads\/2021\/11\/DSC_8032-2.jpg","width":2000,"height":1415},{"@type":"BreadcrumbList","@id":"https:\/\/printyourfun.eu\/product\/organizer-wsiasc-do-pociagu-europa\/#breadcrumb","itemListElement":[{"@type":"ListItem","position":1,"name":"Home","item":"https:\/\/printyourfun.eu\/"},{"@type":"ListItem","position":2,"name":"Sklep","item":"https:\/\/printyourfun.eu\/sklep\/"},{"@type":"ListItem","position":3,"name":"Organizer Wsi\u0105\u015b\u0107 do poci\u0105gu Europa"}]},{"@type":"WebSite","@id":"https:\/\/printyourfun.eu\/#website","url":"https:\/\/printyourfun.eu\/","name":"PrintYourFun","description":"Wydruki 3D","potentialAction":[{"@type":"SearchAction","target":{"@type":"EntryPoint","urlTemplate":"https:\/\/printyourfun.eu\/?s={search_term_string}"},"query-input":{"@type":"PropertyValueSpecification","valueRequired":true,"valueName":"search_term_string"}}],"inLanguage":"en-GB"}]}},"_links":{"self":[{"href":"https:\/\/printyourfun.eu\/en\/wp-json\/wp\/v2\/product\/869","targetHints":{"allow":["GET"]}}],"collection":[{"href":"https:\/\/printyourfun.eu\/en\/wp-json\/wp\/v2\/product"}],"about":[{"href":"https:\/\/printyourfun.eu\/en\/wp-json\/wp\/v2\/types\/product"}],"replies":[{"embeddable":true,"href":"https:\/\/printyourfun.eu\/en\/wp-json\/wp\/v2\/comments?post=869"}],"wp:featuredmedia":[{"embeddable":true,"href":"https:\/\/printyourfun.eu\/en\/wp-json\/wp\/v2\/media\/1013"}],"wp:attachment":[{"href":"https:\/\/printyourfun.eu\/en\/wp-json\/wp\/v2\/media?parent=869"}],"wp:term":[{"taxonomy":"product_brand","embeddable":true,"href":"https:\/\/printyourfun.eu\/en\/wp-json\/wp\/v2\/product_brand?post=869"},{"taxonomy":"product_cat","embeddable":true,"href":"https:\/\/printyourfun.eu\/en\/wp-json\/wp\/v2\/product_cat?post=869"},{"taxonomy":"product_tag","embeddable":true,"href":"https:\/\/printyourfun.eu\/en\/wp-json\/wp\/v2\/product_tag?post=869"}],"curies":[{"name":"wp","href":"https:\/\/api.w.org\/{rel}","templated":true}]}}